{"id":23,"date":"2020-02-15T10:41:42","date_gmt":"2020-02-15T10:41:42","guid":{"rendered":"https:\/\/the7.io\/logistics\/?page_id=23"},"modified":"2024-06-04T18:11:01","modified_gmt":"2024-06-04T15:11:01","slug":"contact","status":"publish","type":"page","link":"http:\/\/afi.conforturban-ct.ro\/en\/contact\/","title":{"rendered":"Contact"},"content":{"rendered":"<div data-elementor-type=\"wp-page\" data-elementor-id=\"23\" class=\"elementor elementor-23\" data-elementor-post-type=\"page\">\n\t\t\t\t\t\t<section class=\"elementor-section elementor-top-section elementor-element elementor-element-3c8ff4f3 elementor-section-boxed elementor-section-height-default elementor-section-height-default\" data-id=\"3c8ff4f3\" data-element_type=\"section\">\n\t\t\t\t\t\t<div class=\"elementor-container elementor-column-gap-default\">\n\t\t\t\t\t<div class=\"elementor-column elementor-col-25 elementor-top-column elementor-element elementor-element-6e11e478\" data-id=\"6e11e478\" data-element_type=\"column\" data-settings=\"{&quot;background_background&quot;:&quot;classic&quot;}\">\n\t\t\t<div class=\"elementor-widget-wrap elementor-element-populated\">\n\t\t\t\t\t<div class=\"elementor-background-overlay\"><\/div>\n\t\t\t\t\t\t<div class=\"elementor-element elementor-element-46fea76c elementor-position-right elementor-view-default elementor-mobile-position-top elementor-vertical-align-top elementor-widget elementor-widget-icon-box\" data-id=\"46fea76c\" data-element_type=\"widget\" data-widget_type=\"icon-box.default\">\n\t\t\t\t<div class=\"elementor-widget-container\">\n\t\t\t\t\t<div class=\"elementor-icon-box-wrapper\">\n\n\t\t\t\t\t\t<div class=\"elementor-icon-box-icon\">\n\t\t\t\t<span  class=\"elementor-icon elementor-animation-\">\n\t\t\t\t<i aria-hidden=\"true\" class=\"icomoon-the7-font-the7-phone-03\"><\/i>\t\t\t\t<\/span>\n\t\t\t<\/div>\n\t\t\t\n\t\t\t\t\t\t<div class=\"elementor-icon-box-content\">\n\n\t\t\t\t\t\t\t\t\t<h6 class=\"elementor-icon-box-title\">\n\t\t\t\t\t\t<span  >\n\t\t\t\t\t\t\tTelefon\/Fax\t\t\t\t\t\t<\/span>\n\t\t\t\t\t<\/h6>\n\t\t\t\t\n\t\t\t\t\t\t\t\t\t<p class=\"elementor-icon-box-description\">\n\t\t\t\t\t\tTel: 0241623340<br>Fax: 0241 580 523\t\t\t\t\t<\/p>\n\t\t\t\t\n\t\t\t<\/div>\n\t\t\t\n\t\t<\/div>\n\t\t\t\t<\/div>\n\t\t\t\t<\/div>\n\t\t\t\t\t<\/div>\n\t\t<\/div>\n\t\t\t\t<div class=\"elementor-column elementor-col-25 elementor-top-column elementor-element elementor-element-710eaceb\" data-id=\"710eaceb\" data-element_type=\"column\" data-settings=\"{&quot;background_background&quot;:&quot;classic&quot;}\">\n\t\t\t<div class=\"elementor-widget-wrap elementor-element-populated\">\n\t\t\t\t\t<div class=\"elementor-background-overlay\"><\/div>\n\t\t\t\t\t\t<div class=\"elementor-element elementor-element-d8f54a5 elementor-position-right elementor-view-default elementor-mobile-position-top elementor-vertical-align-top elementor-widget elementor-widget-icon-box\" data-id=\"d8f54a5\" data-element_type=\"widget\" data-widget_type=\"icon-box.default\">\n\t\t\t\t<div class=\"elementor-widget-container\">\n\t\t\t\t\t<div class=\"elementor-icon-box-wrapper\">\n\n\t\t\t\t\t\t<div class=\"elementor-icon-box-icon\">\n\t\t\t\t<span  class=\"elementor-icon elementor-animation-\">\n\t\t\t\t<i aria-hidden=\"true\" class=\"icomoon-the7-font-the7-mail-07\"><\/i>\t\t\t\t<\/span>\n\t\t\t<\/div>\n\t\t\t\n\t\t\t\t\t\t<div class=\"elementor-icon-box-content\">\n\n\t\t\t\t\t\t\t\t\t<h6 class=\"elementor-icon-box-title\">\n\t\t\t\t\t\t<span  >\n\t\t\t\t\t\t\tEmail\t\t\t\t\t\t<\/span>\n\t\t\t\t\t<\/h6>\n\t\t\t\t\n\t\t\t\t\t\t\t\t\t<p class=\"elementor-icon-box-description\">\n\t\t\t\t\t\tpublic@afi.conforturban-ct.ro\t\t\t\t\t<\/p>\n\t\t\t\t\n\t\t\t<\/div>\n\t\t\t\n\t\t<\/div>\n\t\t\t\t<\/div>\n\t\t\t\t<\/div>\n\t\t\t\t\t<\/div>\n\t\t<\/div>\n\t\t\t\t<div class=\"elementor-column elementor-col-25 elementor-top-column elementor-element elementor-element-6f31d961\" data-id=\"6f31d961\" data-element_type=\"column\" data-settings=\"{&quot;background_background&quot;:&quot;classic&quot;}\">\n\t\t\t<div class=\"elementor-widget-wrap elementor-element-populated\">\n\t\t\t\t\t<div class=\"elementor-background-overlay\"><\/div>\n\t\t\t\t\t\t<div class=\"elementor-element elementor-element-1870cb2 elementor-position-right elementor-view-default elementor-mobile-position-top elementor-vertical-align-top elementor-widget elementor-widget-icon-box\" data-id=\"1870cb2\" data-element_type=\"widget\" data-widget_type=\"icon-box.default\">\n\t\t\t\t<div class=\"elementor-widget-container\">\n\t\t\t\t\t<div class=\"elementor-icon-box-wrapper\">\n\n\t\t\t\t\t\t<div class=\"elementor-icon-box-icon\">\n\t\t\t\t<span  class=\"elementor-icon elementor-animation-\">\n\t\t\t\t<i aria-hidden=\"true\" class=\"icomoon-the7-font-the7-map-05\"><\/i>\t\t\t\t<\/span>\n\t\t\t<\/div>\n\t\t\t\n\t\t\t\t\t\t<div class=\"elementor-icon-box-content\">\n\n\t\t\t\t\t\t\t\t\t<h6 class=\"elementor-icon-box-title\">\n\t\t\t\t\t\t<span  >\n\t\t\t\t\t\t\tAdresa\t\t\t\t\t\t<\/span>\n\t\t\t\t\t<\/h6>\n\t\t\t\t\n\t\t\t\t\t\t\t\t\t<p class=\"elementor-icon-box-description\">\n\t\t\t\t\t\tB-dul Tomis nr. 101, cod po\u0219tal 900657, mun. Constan\u021ba\t\t\t\t\t<\/p>\n\t\t\t\t\n\t\t\t<\/div>\n\t\t\t\n\t\t<\/div>\n\t\t\t\t<\/div>\n\t\t\t\t<\/div>\n\t\t\t\t\t<\/div>\n\t\t<\/div>\n\t\t\t\t<div class=\"elementor-column elementor-col-25 elementor-top-column elementor-element elementor-element-a4bb38a\" data-id=\"a4bb38a\" data-element_type=\"column\" data-settings=\"{&quot;background_background&quot;:&quot;classic&quot;}\">\n\t\t\t<div class=\"elementor-widget-wrap elementor-element-populated\">\n\t\t\t\t\t<div class=\"elementor-background-overlay\"><\/div>\n\t\t\t\t\t\t<div class=\"elementor-element elementor-element-51d9310 elementor-position-right elementor-view-default elementor-mobile-position-top elementor-vertical-align-top elementor-widget elementor-widget-icon-box\" data-id=\"51d9310\" data-element_type=\"widget\" data-widget_type=\"icon-box.default\">\n\t\t\t\t<div class=\"elementor-widget-container\">\n\t\t\t\t\t<div class=\"elementor-icon-box-wrapper\">\n\n\t\t\t\t\t\t<div class=\"elementor-icon-box-icon\">\n\t\t\t\t<span  class=\"elementor-icon elementor-animation-\">\n\t\t\t\t<i aria-hidden=\"true\" class=\"fas fa-suitcase\"><\/i>\t\t\t\t<\/span>\n\t\t\t<\/div>\n\t\t\t\n\t\t\t\t\t\t<div class=\"elementor-icon-box-content\">\n\n\t\t\t\t\t\t\t\t\t<h6 class=\"elementor-icon-box-title\">\n\t\t\t\t\t\t<span  >\n\t\t\t\t\t\t\tProgram\t\t\t\t\t\t<\/span>\n\t\t\t\t\t<\/h6>\n\t\t\t\t\n\t\t\t\t\t\t\t\t\t<p class=\"elementor-icon-box-description\">\n\t\t\t\t\t\tLuni \u2013 Joi: 08:00 \u2013 16:30; Vineri: 08:00 \u2013 14:00\n<br><br>\nCasierie: Luni \u2013 Joi: 08:30 \u2013 15:00; Vineri: 08:30 \u2013 13:00\n<br><br>\nRegistratur\u0103: Luni \u2013 Joi: 08:30 \u2013 15:00; Vineri: 08:30 \u2013 13:00\t\t\t\t\t<\/p>\n\t\t\t\t\n\t\t\t<\/div>\n\t\t\t\n\t\t<\/div>\n\t\t\t\t<\/div>\n\t\t\t\t<\/div>\n\t\t\t\t\t<\/div>\n\t\t<\/div>\n\t\t\t\t\t<\/div>\n\t\t<\/section>\n\t\t\t\t<section class=\"elementor-section elementor-top-section elementor-element elementor-element-5d719f9d elementor-section-boxed elementor-section-height-default elementor-section-height-default\" data-id=\"5d719f9d\" data-element_type=\"section\">\n\t\t\t\t\t\t<div class=\"elementor-container elementor-column-gap-wider\">\n\t\t\t\t\t<div class=\"elementor-column elementor-col-50 elementor-top-column elementor-element elementor-element-58019c0a\" data-id=\"58019c0a\" data-element_type=\"column\">\n\t\t\t<div class=\"elementor-widget-wrap elementor-element-populated\">\n\t\t\t\t\t\t<div class=\"elementor-element elementor-element-58cada35 elementor-widget elementor-widget-heading\" data-id=\"58cada35\" data-element_type=\"widget\" data-widget_type=\"heading.default\">\n\t\t\t\t<div class=\"elementor-widget-container\">\n\t\t\t<h2 class=\"elementor-heading-title elementor-size-default\">Trimite un mesaj<\/h2>\t\t<\/div>\n\t\t\t\t<\/div>\n\t\t\t\t<div class=\"elementor-element elementor-element-221059de elementor-widget elementor-widget-text-editor\" data-id=\"221059de\" data-element_type=\"widget\" data-widget_type=\"text-editor.default\">\n\t\t\t\t<div class=\"elementor-widget-container\">\n\t\t\t\t\t\t\tPentru a ne trimite sugestiile sau reclama\u021biile dumneavoastr\u0103, v\u0103 rug\u0103m s\u0103 folosi\u021bi formularul de mai jos.\t\t\t\t\t\t<\/div>\n\t\t\t\t<\/div>\n\t\t\t\t<div class=\"elementor-element elementor-element-46723e8 elementor-widget elementor-widget-spacer\" data-id=\"46723e8\" data-element_type=\"widget\" data-widget_type=\"spacer.default\">\n\t\t\t\t<div class=\"elementor-widget-container\">\n\t\t\t\t\t<div class=\"elementor-spacer\">\n\t\t\t<div class=\"elementor-spacer-inner\"><\/div>\n\t\t<\/div>\n\t\t\t\t<\/div>\n\t\t\t\t<\/div>\n\t\t\t\t<div class=\"elementor-element elementor-element-106184fd elementor-button-align-start elementor-widget elementor-widget-form\" data-id=\"106184fd\" data-element_type=\"widget\" data-settings=\"{&quot;step_next_label&quot;:&quot;Next&quot;,&quot;step_previous_label&quot;:&quot;Previous&quot;,&quot;step_type&quot;:&quot;number_text&quot;,&quot;step_icon_shape&quot;:&quot;circle&quot;}\" data-widget_type=\"form.default\">\n\t\t\t\t<div class=\"elementor-widget-container\">\n\t\t\t\t\t<form class=\"elementor-form\" method=\"post\" name=\"Trimite mesaj\" action=\"\">\n\t\t\t<input type=\"hidden\" name=\"post_id\" value=\"23\"\/>\n\t\t\t<input type=\"hidden\" name=\"form_id\" value=\"106184fd\"\/>\n\t\t\t<input type=\"hidden\" name=\"referer_title\" value=\"Administra\u021bia Fondului Imobiliar\" \/>\n\n\t\t\t\n\t\t\t<div class=\"elementor-form-fields-wrapper elementor-labels-\">\n\t\t\t\t\t\t\t\t<div class=\"elementor-field-type-text elementor-field-group elementor-column elementor-field-group-name elementor-col-50 elementor-field-required\">\n\t\t\t\t\t\t\t\t\t\t\t\t<label for=\"form-field-name\" class=\"elementor-field-label elementor-screen-only\">\n\t\t\t\t\t\t\t\tNume si prenume\t\t\t\t\t\t\t<\/label>\n\t\t\t\t\t\t\t\t\t\t\t\t\t\t<input size=\"1\" type=\"text\" name=\"form_fields[name]\" id=\"form-field-name\" class=\"elementor-field elementor-size-sm  elementor-field-textual\" placeholder=\"Nume si prenume\" required=\"required\" aria-required=\"true\">\n\t\t\t\t\t\t\t\t\t\t\t<\/div>\n\t\t\t\t\t\t\t\t<div class=\"elementor-field-type-email elementor-field-group elementor-column elementor-field-group-email elementor-col-50 elementor-field-required\">\n\t\t\t\t\t\t\t\t\t\t\t\t<label for=\"form-field-email\" class=\"elementor-field-label elementor-screen-only\">\n\t\t\t\t\t\t\t\tE-mail\t\t\t\t\t\t\t<\/label>\n\t\t\t\t\t\t\t\t\t\t\t\t\t\t<input size=\"1\" type=\"email\" name=\"form_fields[email]\" id=\"form-field-email\" class=\"elementor-field elementor-size-sm  elementor-field-textual\" placeholder=\"E-mail\" required=\"required\" aria-required=\"true\">\n\t\t\t\t\t\t\t\t\t\t\t<\/div>\n\t\t\t\t\t\t\t\t<div class=\"elementor-field-type-tel elementor-field-group elementor-column elementor-field-group-field_6953738 elementor-col-50\">\n\t\t\t\t\t\t\t\t\t\t\t\t<label for=\"form-field-field_6953738\" class=\"elementor-field-label elementor-screen-only\">\n\t\t\t\t\t\t\t\tNumar de telefon\t\t\t\t\t\t\t<\/label>\n\t\t\t\t\t\t\t\t<input size=\"1\" type=\"tel\" name=\"form_fields[field_6953738]\" id=\"form-field-field_6953738\" class=\"elementor-field elementor-size-sm  elementor-field-textual\" placeholder=\"Telefon\" pattern=\"[0-9()#&amp;+*-=.]+\" title=\"Only numbers and phone characters (#, -, *, etc) are accepted.\">\n\n\t\t\t\t\t\t<\/div>\n\t\t\t\t\t\t\t\t<div class=\"elementor-field-type-text elementor-field-group elementor-column elementor-field-group-field_bccd286 elementor-col-50\">\n\t\t\t\t\t\t\t\t\t\t\t\t<label for=\"form-field-field_bccd286\" class=\"elementor-field-label elementor-screen-only\">\n\t\t\t\t\t\t\t\tSubiect\t\t\t\t\t\t\t<\/label>\n\t\t\t\t\t\t\t\t\t\t\t\t\t\t<input size=\"1\" type=\"text\" name=\"form_fields[field_bccd286]\" id=\"form-field-field_bccd286\" class=\"elementor-field elementor-size-sm  elementor-field-textual\" placeholder=\"Subiect\">\n\t\t\t\t\t\t\t\t\t\t\t<\/div>\n\t\t\t\t\t\t\t\t<div class=\"elementor-field-type-textarea elementor-field-group elementor-column elementor-field-group-message elementor-col-100\">\n\t\t\t\t\t\t\t\t\t\t\t\t<label for=\"form-field-message\" class=\"elementor-field-label elementor-screen-only\">\n\t\t\t\t\t\t\t\tMesaj\t\t\t\t\t\t\t<\/label>\n\t\t\t\t\t\t<textarea class=\"elementor-field-textual elementor-field  elementor-size-sm\" name=\"form_fields[message]\" id=\"form-field-message\" rows=\"6\" placeholder=\"Mesajul tau\"><\/textarea>\t\t\t\t<\/div>\n\t\t\t\t\t\t\t\t<div class=\"elementor-field-type-recaptcha elementor-field-group elementor-column elementor-field-group-field_7cdd575 elementor-col-100\">\n\t\t\t\t\t<div class=\"elementor-field\" id=\"form-field-field_7cdd575\"><div class=\"elementor-g-recaptcha\" data-sitekey=\"6LdMGkUcAAAAAH9LM3pdQZYRHhDkz1-hCFE36VJ1\" data-type=\"v2_checkbox\" data-theme=\"light\" data-size=\"normal\"><\/div><\/div>\t\t\t\t<\/div>\n\t\t\t\t\t\t\t\t<div class=\"elementor-field-group elementor-column elementor-field-type-submit elementor-col-100 e-form__buttons\">\n\t\t\t\t\t<button class=\"elementor-button elementor-size-sm\" type=\"submit\">\n\t\t\t\t\t\t<span class=\"elementor-button-content-wrapper\">\n\t\t\t\t\t\t\t\t\t\t\t\t\t\t\t\t\t\t\t\t\t\t<span class=\"elementor-button-text\">Trimite<\/span>\n\t\t\t\t\t\t\t\t\t\t\t\t\t<\/span>\n\t\t\t\t\t<\/button>\n\t\t\t\t<\/div>\n\t\t\t<\/div>\n\t\t<input type=\"hidden\" name=\"trp-form-language\" value=\"en\"\/><\/form>\n\t\t\t\t<\/div>\n\t\t\t\t<\/div>\n\t\t\t\t\t<\/div>\n\t\t<\/div>\n\t\t\t\t<div class=\"elementor-column elementor-col-50 elementor-top-column elementor-element elementor-element-328944b\" data-id=\"328944b\" data-element_type=\"column\">\n\t\t\t<div class=\"elementor-widget-wrap elementor-element-populated\">\n\t\t\t\t\t\t<div class=\"elementor-element elementor-element-2999af2 elementor-widget elementor-widget-heading\" data-id=\"2999af2\" data-element_type=\"widget\" data-widget_type=\"heading.default\">\n\t\t\t\t<div class=\"elementor-widget-container\">\n\t\t\t<h2 class=\"elementor-heading-title elementor-size-default\">Locatie pe harta<\/h2>\t\t<\/div>\n\t\t\t\t<\/div>\n\t\t\t\t<div class=\"elementor-element elementor-element-c8ad5fd elementor-widget elementor-widget-google_maps\" data-id=\"c8ad5fd\" data-element_type=\"widget\" data-widget_type=\"google_maps.default\">\n\t\t\t\t<div class=\"elementor-widget-container\">\n\t\t\t\t\t<div class=\"elementor-custom-embed\">\n\t\t\t<iframe loading=\"lazy\"\n\t\t\t\t\tsrc=\"https:\/\/www.google.com\/maps\/embed\/v1\/place?key=AIzaSyA4OXjAraZOgN8pqIXdJKoGjwc1IGDnCL0&#038;q=Exploatarea%20Domeniului%20Public%20si%20Privat%20RA&#038;zoom=13\"\n\t\t\t\t\ttitle=\"Exploatarea Domeniului Public si Privat RA\"\n\t\t\t\t\taria-label=\"Exploatarea Domeniului Public si Privat RA\"\n\t\t\t><\/iframe>\n\t\t<\/div>\n\t\t\t\t<\/div>\n\t\t\t\t<\/div>\n\t\t\t\t\t<\/div>\n\t\t<\/div>\n\t\t\t\t\t<\/div>\n\t\t<\/section>\n\t\t\t\t<\/div>","protected":false},"excerpt":{"rendered":"<p>Telefon\/Fax Tel: 0241623340Fax: 0241 580 523 Email public@afi.conforturban-ct.ro Adresa B-dul Tomis nr. 101, cod po\u0219tal 900657, mun. Constan\u021ba Program Luni \u2013 Joi: 08:00 \u2013 16:30; Vineri: 08:00 \u2013 14:00 Casierie: Luni \u2013 Joi: 08:30 \u2013 15:00; Vineri: 08:30 \u2013 13:00 Registratur\u0103: Luni \u2013 Joi: 08:30 \u2013 15:00; Vineri: 08:30 \u2013 13:00 Trimite un mesaj Pentru&hellip;<\/p>","protected":false},"author":6,"featured_media":0,"parent":0,"menu_order":70,"comment_status":"closed","ping_status":"closed","template":"elementor_header_footer","meta":{"footnotes":""},"class_list":["post-23","page","type-page","status-publish","hentry"],"yoast_head":"<!-- This site is optimized with the Yoast SEO plugin v25.6 - https:\/\/yoast.com\/wordpress\/plugins\/seo\/ -->\n<title>Contact - Administra\u021bia Fondului Imobiliar<\/title>\n<meta name=\"robots\" content=\"index, follow, max-snippet:-1, max-image-preview:large, max-video-preview:-1\" \/>\n<link rel=\"canonical\" href=\"https:\/\/afi.conforturban-ct.ro\/en\/contact\/\" \/>\n<meta property=\"og:locale\" content=\"en_US\" \/>\n<meta property=\"og:type\" content=\"article\" \/>\n<meta property=\"og:title\" content=\"Contact - Administra\u021bia Fondului Imobiliar\" \/>\n<meta property=\"og:description\" content=\"Telefon\/Fax Tel: 0241623340Fax: 0241 580 523 Email public@afi.conforturban-ct.ro Adresa B-dul Tomis nr. 101, cod po\u0219tal 900657, mun. Constan\u021ba Program Luni \u2013 Joi: 08:00 \u2013 16:30; Vineri: 08:00 \u2013 14:00 Casierie: Luni \u2013 Joi: 08:30 \u2013 15:00; Vineri: 08:30 \u2013 13:00 Registratur\u0103: Luni \u2013 Joi: 08:30 \u2013 15:00; Vineri: 08:30 \u2013 13:00 Trimite un mesaj Pentru&hellip;\" \/>\n<meta property=\"og:url\" content=\"https:\/\/afi.conforturban-ct.ro\/en\/contact\/\" \/>\n<meta property=\"og:site_name\" content=\"Administra\u021bia Fondului Imobiliar\" \/>\n<meta property=\"article:modified_time\" content=\"2024-06-04T15:11:01+00:00\" \/>\n<meta name=\"twitter:card\" content=\"summary_large_image\" \/>\n<meta name=\"twitter:label1\" content=\"Est. reading time\" \/>\n\t<meta name=\"twitter:data1\" content=\"1 minute\" \/>\n<script type=\"application\/ld+json\" class=\"yoast-schema-graph\">{\"@context\":\"https:\/\/schema.org\",\"@graph\":[{\"@type\":\"WebPage\",\"@id\":\"https:\/\/afi.conforturban-ct.ro\/contact\/\",\"url\":\"https:\/\/afi.conforturban-ct.ro\/contact\/\",\"name\":\"Contact - Administra\u021bia Fondului Imobiliar\",\"isPartOf\":{\"@id\":\"https:\/\/afi.conforturban-ct.ro\/#website\"},\"datePublished\":\"2020-02-15T10:41:42+00:00\",\"dateModified\":\"2024-06-04T15:11:01+00:00\",\"inLanguage\":\"en-US\",\"potentialAction\":[{\"@type\":\"ReadAction\",\"target\":[\"https:\/\/afi.conforturban-ct.ro\/contact\/\"]}]},{\"@type\":\"WebSite\",\"@id\":\"https:\/\/afi.conforturban-ct.ro\/#website\",\"url\":\"https:\/\/afi.conforturban-ct.ro\/\",\"name\":\"Administra\u021bia Fondului Imobiliar\",\"description\":\"Administra\u021bia Fondului Imobiliar\",\"publisher\":{\"@id\":\"https:\/\/afi.conforturban-ct.ro\/#organization\"},\"potentialAction\":[{\"@type\":\"SearchAction\",\"target\":{\"@type\":\"EntryPoint\",\"urlTemplate\":\"https:\/\/afi.conforturban-ct.ro\/?s={search_term_string}\"},\"query-input\":{\"@type\":\"PropertyValueSpecification\",\"valueRequired\":true,\"valueName\":\"search_term_string\"}}],\"inLanguage\":\"en-US\"},{\"@type\":\"Organization\",\"@id\":\"https:\/\/afi.conforturban-ct.ro\/#organization\",\"name\":\"Administra\u021bia Fondului Imobiliar\",\"url\":\"https:\/\/afi.conforturban-ct.ro\/\",\"logo\":{\"@type\":\"ImageObject\",\"inLanguage\":\"en-US\",\"@id\":\"https:\/\/afi.conforturban-ct.ro\/#\/schema\/logo\/image\/\",\"url\":\"http:\/\/afi.conforturban-ct.ro\/wp-content\/uploads\/2022\/11\/Administratia-fondului-imobiliar-2.png\",\"contentUrl\":\"http:\/\/afi.conforturban-ct.ro\/wp-content\/uploads\/2022\/11\/Administratia-fondului-imobiliar-2.png\",\"width\":500,\"height\":39,\"caption\":\"Administra\u021bia Fondului Imobiliar\"},\"image\":{\"@id\":\"https:\/\/afi.conforturban-ct.ro\/#\/schema\/logo\/image\/\"}}]}<\/script>\n<!-- \/ Yoast SEO plugin. -->","yoast_head_json":{"title":"Contact - Administra\u021bia Fondului Imobiliar","robots":{"index":"index","follow":"follow","max-snippet":"max-snippet:-1","max-image-preview":"max-image-preview:large","max-video-preview":"max-video-preview:-1"},"canonical":"https:\/\/afi.conforturban-ct.ro\/en\/contact\/","og_locale":"en_US","og_type":"article","og_title":"Contact - Administra\u021bia Fondului Imobiliar","og_description":"Telefon\/Fax Tel: 0241623340Fax: 0241 580 523 Email public@afi.conforturban-ct.ro Adresa B-dul Tomis nr. 101, cod po\u0219tal 900657, mun. Constan\u021ba Program Luni \u2013 Joi: 08:00 \u2013 16:30; Vineri: 08:00 \u2013 14:00 Casierie: Luni \u2013 Joi: 08:30 \u2013 15:00; Vineri: 08:30 \u2013 13:00 Registratur\u0103: Luni \u2013 Joi: 08:30 \u2013 15:00; Vineri: 08:30 \u2013 13:00 Trimite un mesaj Pentru&hellip;","og_url":"https:\/\/afi.conforturban-ct.ro\/en\/contact\/","og_site_name":"Administra\u021bia Fondului Imobiliar","article_modified_time":"2024-06-04T15:11:01+00:00","twitter_card":"summary_large_image","twitter_misc":{"Est. reading time":"1 minute"},"schema":{"@context":"https:\/\/schema.org","@graph":[{"@type":"WebPage","@id":"https:\/\/afi.conforturban-ct.ro\/contact\/","url":"https:\/\/afi.conforturban-ct.ro\/contact\/","name":"Contact - Administra\u021bia Fondului Imobiliar","isPartOf":{"@id":"https:\/\/afi.conforturban-ct.ro\/#website"},"datePublished":"2020-02-15T10:41:42+00:00","dateModified":"2024-06-04T15:11:01+00:00","inLanguage":"en-US","potentialAction":[{"@type":"ReadAction","target":["https:\/\/afi.conforturban-ct.ro\/contact\/"]}]},{"@type":"WebSite","@id":"https:\/\/afi.conforturban-ct.ro\/#website","url":"https:\/\/afi.conforturban-ct.ro\/","name":"Administra\u021bia Fondului Imobiliar","description":"Administra\u021bia Fondului Imobiliar","publisher":{"@id":"https:\/\/afi.conforturban-ct.ro\/#organization"},"potentialAction":[{"@type":"SearchAction","target":{"@type":"EntryPoint","urlTemplate":"https:\/\/afi.conforturban-ct.ro\/?s={search_term_string}"},"query-input":{"@type":"PropertyValueSpecification","valueRequired":true,"valueName":"search_term_string"}}],"inLanguage":"en-US"},{"@type":"Organization","@id":"https:\/\/afi.conforturban-ct.ro\/#organization","name":"Administra\u021bia Fondului Imobiliar","url":"https:\/\/afi.conforturban-ct.ro\/","logo":{"@type":"ImageObject","inLanguage":"en-US","@id":"https:\/\/afi.conforturban-ct.ro\/#\/schema\/logo\/image\/","url":"http:\/\/afi.conforturban-ct.ro\/wp-content\/uploads\/2022\/11\/Administratia-fondului-imobiliar-2.png","contentUrl":"http:\/\/afi.conforturban-ct.ro\/wp-content\/uploads\/2022\/11\/Administratia-fondului-imobiliar-2.png","width":500,"height":39,"caption":"Administra\u021bia Fondului Imobiliar"},"image":{"@id":"https:\/\/afi.conforturban-ct.ro\/#\/schema\/logo\/image\/"}}]}},"_links":{"self":[{"href":"http:\/\/afi.conforturban-ct.ro\/en\/wp-json\/wp\/v2\/pages\/23","targetHints":{"allow":["GET"]}}],"collection":[{"href":"http:\/\/afi.conforturban-ct.ro\/en\/wp-json\/wp\/v2\/pages"}],"about":[{"href":"http:\/\/afi.conforturban-ct.ro\/en\/wp-json\/wp\/v2\/types\/page"}],"author":[{"embeddable":true,"href":"http:\/\/afi.conforturban-ct.ro\/en\/wp-json\/wp\/v2\/users\/6"}],"replies":[{"embeddable":true,"href":"http:\/\/afi.conforturban-ct.ro\/en\/wp-json\/wp\/v2\/comments?post=23"}],"version-history":[{"count":33,"href":"http:\/\/afi.conforturban-ct.ro\/en\/wp-json\/wp\/v2\/pages\/23\/revisions"}],"predecessor-version":[{"id":42021,"href":"http:\/\/afi.conforturban-ct.ro\/en\/wp-json\/wp\/v2\/pages\/23\/revisions\/42021"}],"wp:attachment":[{"href":"http:\/\/afi.conforturban-ct.ro\/en\/wp-json\/wp\/v2\/media?parent=23"}],"curies":[{"name":"wp","href":"https:\/\/api.w.org\/{rel}","templated":true}]}}