{"id":40394,"date":"2021-08-29T18:24:39","date_gmt":"2021-08-29T15:24:39","guid":{"rendered":"https:\/\/raedpp-constanta.ro\/?page_id=40394"},"modified":"2022-11-24T16:24:02","modified_gmt":"2022-11-24T14:24:02","slug":"spatii-locuinte-fond-locativ","status":"publish","type":"page","link":"http:\/\/afi.conforturban-ct.ro\/en\/spatii-locuinte-fond-locativ\/","title":{"rendered":"Fond locativ"},"content":{"rendered":"<div data-elementor-type=\"wp-page\" data-elementor-id=\"40394\" class=\"elementor elementor-40394\" data-elementor-post-type=\"page\">\n\t\t\t\t\t\t<section class=\"elementor-section elementor-top-section elementor-element elementor-element-48bee8c elementor-section-boxed elementor-section-height-default elementor-section-height-default\" data-id=\"48bee8c\" data-element_type=\"section\">\n\t\t\t\t\t\t<div class=\"elementor-container elementor-column-gap-default\">\n\t\t\t\t\t<div class=\"elementor-column elementor-col-100 elementor-top-column elementor-element elementor-element-320332c\" data-id=\"320332c\" data-element_type=\"column\">\n\t\t\t<div class=\"elementor-widget-wrap elementor-element-populated\">\n\t\t\t\t\t\t<div class=\"elementor-element elementor-element-3186ca9 elementor-widget elementor-widget-text-editor\" data-id=\"3186ca9\" data-element_type=\"widget\" data-widget_type=\"text-editor.default\">\n\t\t\t\t<div class=\"elementor-widget-container\">\n\t\t\t\t\t\t\t<p><strong><br>\nACTELE NECESARE IN VEDEREA PRELUNGIRII CONTRACTULUI DE  INCHIRIERE  LOCUINTE DIN FONDUL LOCATIV DE STAT:<\/strong><br>\n<br><\/p>\n<p><\/p>\n<ol>\n<li>Cerere tip \u2013 ridicata de la Registratura Fondului Imobiliar Constanta \u2013 etaj 1\n   <\/li>\n<li> Certificat fiscal eliberat de S.P.I.T., care sa ateste faptul ca nu figurati cu imobil proprietate personala de la data de 01.01.1990 si pana in prezent \u2013 (pentru toti membrii majori inscrisi in contract);\n  <\/li>\n<\/ol>\n<ol start=\"3\">\n<li>  Declaratie notariala din care sa reiasa faptul ca :\u2013 nu figurati cu imobil proprietate personala de la 01.01.1990 si pana in prezent pe teritoriul Romaniei (pentru membrii majori inscrisi in contract);\u2013 dvs., in calitate de titular al contractului de inchiriere locuiti efectiv cu familia in spatiul si nu ati cedat dreptul de folosinta \u2013 partial sau integral \u2013 altor persoane;- nu figurati cu venituri (in cazul in care nu faceti dovada venitului net realizat dvs si membrii majori inscrisi in contract)\n   <\/li>\n<li> Adeverinta de salarizare sau dupa caz: cupon pensie\/adresa emisa de Casa Judeteana de Pensii care sa ateste ca nu beneficiati de pensie; adresa emisa de catre Inspectoratul Teritorial de Munca care sa ateste ca nu figurati cu contract individual de munca (pentru membrii majori inscrisi in contract);\n <\/li>\n<li>   Acte stare civila-in copie: carte de identitate, certificat de nastere, certificat de casatorie (pentru membrii majori inscrisi in contract);\n  <\/li>\n<li>  Adeverinta asociatia de proprietari \/ locatari;\n <\/li>\n<li>   Chitanta cu chiria achitata la zi , dovada achitarii utilitatilor (RAJA, RADET) \u2013 in copie.\n<p><strong>ACTELE NECESARE \u00ceNTOCMIRII DOSARELOR PENRU LOCUIN\u0162E DIN FONDUL LOCATIV DE STAT<\/strong><\/p>\n<p>* Dosar de \u00eencopciat cu sin\u0103<\/p>\n<ol>\n<li>Cerere de m\u00e2n\u0103 \u2013 titularul cererii s\u0103 fie major (Not\u0103: cererea de locuin\u0163\u0103 se efectueaz\u0103 numai individual \u015fi \u00een nume propriu;)<\/li>\n<li>Copii xerox de pe actele de stare civil\u0103 ale solicitantului \u015fi membrilor familiei acestuia (c\u0103r\u0163i de identitate valabile, certificate de c\u0103s\u0103torie, certificate de na\u015ftere \u015fi dup\u0103 caz, sentin\u0163a de divor\u0163);<\/li>\n<\/ol>\n<ol start=\"3\">\n<li>Declara\u0163ie notarial\u0103 (so\u0163, so\u0163ie, copii majori), la orice notar public, din care s\u0103 reias\u0103 c\u0103 nu detine\u0163i \u015fi nu a\u0163i \u00eenstr\u0103inat locuin\u0163\u0103 proprietate persoanal\u0103 pe teritoriul rom\u00e2niei de la data de 01.01.1990;<\/li>\n<li>Adeverin\u0163\u0103 cu domiciliile de\u0163inute eliberat\u0103 de serviciul public comunitar de eviden\u0163\u0103 a persoanelor \u015fi stare civil\u0103 al municipiului constan\u0163a sau, dup\u0103 caz, din localitatea de domiciliu (so\u0163, so\u0163ie, membrii majori), de la data de 01.01.1990;<\/li>\n<li>Certificat de la agen\u0163ia fiscal\u0103 (so\u0163, so\u0163ie, membrii majori) de care apar\u0163ine\u0163i cu domiciliul din buletin c\u0103 nu detine\u0163i \u015fi nu a\u0163i \u00eenstr\u0103inat locuin\u0163\u0103 proprietate persoanal\u0103 de la data de 01.01.1990;<\/li>\n<li>Adeverin\u0163\u0103 medical\u0103 sau orice act doveditor al existentei unei boli cronice (so\u0163, so\u0163ie, alt\u0103 persoan\u0103 aflat\u0103 \u00een \u00eentre\u0163inerea solicitantului), dup\u0103 caz;<\/li>\n<li>Copie de pe actul de studii (so\u0163, so\u0163ie);<\/li>\n<li>Adeverin\u0163\u0103 de salarizare, cupon pensie, sau, dup\u0103 caz, declara\u0163ie notarial\u0103 din care s\u0103 reias\u0103 faptul c\u0103 nu realiza\u0163i venituri.<\/li>\n<\/ol>\n<p><strong>ACTELE NECESARE IN VEDEREA PRELUNGIRII CONTRACTULUI DE INCHIRIERE TEREN \/ CURTE:<\/strong><\/p>\n<p>\n<\/p><ol>\n<li>  Cerere tip \u2013 ridicata de la Registratura R.A.E.D.P.P. Constanta \u2013 etaj 1\n  <\/li>\n<li>  Copie CVC\n  <\/li>\n<li>  Plan cadastral\n  <\/li>\n<li>  Certificat mostenitor; certificat de deces (acolo unde este cazul)\n <\/li>\n<li>   Carte de identitate;\n <\/li>\n<li>   Chitanta cu chiria achitata la zi;<br>\n<\/li><\/ol><\/li><\/ol>\t\t\t\t\t\t<\/div>\n\t\t\t\t<\/div>\n\t\t\t\t\t<\/div>\n\t\t<\/div>\n\t\t\t\t\t<\/div>\n\t\t<\/section>\n\t\t\t\t<section class=\"elementor-section elementor-top-section elementor-element elementor-element-2e4eef3e elementor-section-boxed elementor-section-height-default elementor-section-height-default\" data-id=\"2e4eef3e\" data-element_type=\"section\">\n\t\t\t\t\t\t<div class=\"elementor-container elementor-column-gap-default\">\n\t\t\t\t\t<div class=\"elementor-column elementor-col-25 elementor-top-column elementor-element elementor-element-268e6f87\" data-id=\"268e6f87\" data-element_type=\"column\" data-settings=\"{&quot;background_background&quot;:&quot;classic&quot;}\">\n\t\t\t<div class=\"elementor-widget-wrap elementor-element-populated\">\n\t\t\t\t\t\t<div class=\"elementor-element elementor-element-479e9d5a elementor-view-default elementor-position-top elementor-mobile-position-top elementor-widget elementor-widget-icon-box\" data-id=\"479e9d5a\" data-element_type=\"widget\" data-widget_type=\"icon-box.default\">\n\t\t\t\t<div class=\"elementor-widget-container\">\n\t\t\t\t\t<div class=\"elementor-icon-box-wrapper\">\n\n\t\t\t\t\t\t<div class=\"elementor-icon-box-icon\">\n\t\t\t\t<span  class=\"elementor-icon elementor-animation-\">\n\t\t\t\t<i aria-hidden=\"true\" class=\"far fa-file-pdf\"><\/i>\t\t\t\t<\/span>\n\t\t\t<\/div>\n\t\t\t\n\t\t\t\t\t\t<div class=\"elementor-icon-box-content\">\n\n\t\t\t\t\t\t\t\t\t<h3 class=\"elementor-icon-box-title\">\n\t\t\t\t\t\t<span  >\n\t\t\t\t\t\t\tHCL 324 din 2015 privind stabilirea criteriilor de repartizare a spa\u021biilor de locuit\t\t\t\t\t\t<\/span>\n\t\t\t\t\t<\/h3>\n\t\t\t\t\n\t\t\t\t\n\t\t\t<\/div>\n\t\t\t\n\t\t<\/div>\n\t\t\t\t<\/div>\n\t\t\t\t<\/div>\n\t\t\t\t<div class=\"elementor-element elementor-element-15f3f646 elementor-align-center elementor-widget elementor-widget-button\" data-id=\"15f3f646\" data-element_type=\"widget\" data-widget_type=\"button.default\">\n\t\t\t\t<div class=\"elementor-widget-container\">\n\t\t\t\t\t<div class=\"elementor-button-wrapper\">\n\t\t\t<a class=\"elementor-button elementor-button-link elementor-size-sm\" href=\"\/wp-content\/uploads\/2021\/08\/HCL-324-din-2015-privind-stabilirea-criteriilor-de-repartizare-a-spatiilor-de-locuit.pdf\">\n\t\t\t\t\t\t<span class=\"elementor-button-content-wrapper\">\n\t\t\t\t\t\t\t\t\t<span class=\"elementor-button-text\">Download<\/span>\n\t\t\t\t\t<\/span>\n\t\t\t\t\t<\/a>\n\t\t<\/div>\n\t\t\t\t<\/div>\n\t\t\t\t<\/div>\n\t\t\t\t\t<\/div>\n\t\t<\/div>\n\t\t\t\t<div class=\"elementor-column elementor-col-25 elementor-top-column elementor-element elementor-element-3fc9961e\" data-id=\"3fc9961e\" data-element_type=\"column\" data-settings=\"{&quot;background_background&quot;:&quot;classic&quot;}\">\n\t\t\t<div class=\"elementor-widget-wrap elementor-element-populated\">\n\t\t\t\t\t\t<div class=\"elementor-element elementor-element-6b83f9a4 elementor-view-default elementor-position-top elementor-mobile-position-top elementor-widget elementor-widget-icon-box\" data-id=\"6b83f9a4\" data-element_type=\"widget\" data-widget_type=\"icon-box.default\">\n\t\t\t\t<div class=\"elementor-widget-container\">\n\t\t\t\t\t<div class=\"elementor-icon-box-wrapper\">\n\n\t\t\t\t\t\t<div class=\"elementor-icon-box-icon\">\n\t\t\t\t<span  class=\"elementor-icon elementor-animation-\">\n\t\t\t\t<i aria-hidden=\"true\" class=\"far fa-file-pdf\"><\/i>\t\t\t\t<\/span>\n\t\t\t<\/div>\n\t\t\t\n\t\t\t\t\t\t<div class=\"elementor-icon-box-content\">\n\n\t\t\t\t\t\t\t\t\t<h3 class=\"elementor-icon-box-title\">\n\t\t\t\t\t\t<span  >\n\t\t\t\t\t\t\tLegea locuintei-114 din1996\t\t\t\t\t\t<\/span>\n\t\t\t\t\t<\/h3>\n\t\t\t\t\n\t\t\t\t\n\t\t\t<\/div>\n\t\t\t\n\t\t<\/div>\n\t\t\t\t<\/div>\n\t\t\t\t<\/div>\n\t\t\t\t<div class=\"elementor-element elementor-element-731e1fbf elementor-align-center elementor-widget elementor-widget-button\" data-id=\"731e1fbf\" data-element_type=\"widget\" data-widget_type=\"button.default\">\n\t\t\t\t<div class=\"elementor-widget-container\">\n\t\t\t\t\t<div class=\"elementor-button-wrapper\">\n\t\t\t<a class=\"elementor-button elementor-button-link elementor-size-sm\" href=\"\/wp-content\/uploads\/2021\/08\/Legea-locuintei-114-din1996.pdf\">\n\t\t\t\t\t\t<span class=\"elementor-button-content-wrapper\">\n\t\t\t\t\t\t\t\t\t<span class=\"elementor-button-text\">Download<\/span>\n\t\t\t\t\t<\/span>\n\t\t\t\t\t<\/a>\n\t\t<\/div>\n\t\t\t\t<\/div>\n\t\t\t\t<\/div>\n\t\t\t\t\t<\/div>\n\t\t<\/div>\n\t\t\t\t<div class=\"elementor-column elementor-col-25 elementor-top-column elementor-element elementor-element-5deec28d\" data-id=\"5deec28d\" data-element_type=\"column\" data-settings=\"{&quot;background_background&quot;:&quot;classic&quot;}\">\n\t\t\t<div class=\"elementor-widget-wrap elementor-element-populated\">\n\t\t\t\t\t\t<div class=\"elementor-element elementor-element-1093230a elementor-view-default elementor-position-top elementor-mobile-position-top elementor-widget elementor-widget-icon-box\" data-id=\"1093230a\" data-element_type=\"widget\" data-widget_type=\"icon-box.default\">\n\t\t\t\t<div class=\"elementor-widget-container\">\n\t\t\t\t\t<div class=\"elementor-icon-box-wrapper\">\n\n\t\t\t\t\t\t<div class=\"elementor-icon-box-icon\">\n\t\t\t\t<span  class=\"elementor-icon elementor-animation-\">\n\t\t\t\t<i aria-hidden=\"true\" class=\"far fa-file-pdf\"><\/i>\t\t\t\t<\/span>\n\t\t\t<\/div>\n\t\t\t\n\t\t\t\t\t\t<div class=\"elementor-icon-box-content\">\n\n\t\t\t\t\t\t\t\t\t<h3 class=\"elementor-icon-box-title\">\n\t\t\t\t\t\t<span  >\n\t\t\t\t\t\t\tNorme metodologice Legea locuintei\t\t\t\t\t\t<\/span>\n\t\t\t\t\t<\/h3>\n\t\t\t\t\n\t\t\t\t\n\t\t\t<\/div>\n\t\t\t\n\t\t<\/div>\n\t\t\t\t<\/div>\n\t\t\t\t<\/div>\n\t\t\t\t<div class=\"elementor-element elementor-element-200871a4 elementor-align-center elementor-widget elementor-widget-button\" data-id=\"200871a4\" data-element_type=\"widget\" data-widget_type=\"button.default\">\n\t\t\t\t<div class=\"elementor-widget-container\">\n\t\t\t\t\t<div class=\"elementor-button-wrapper\">\n\t\t\t<a class=\"elementor-button elementor-button-link elementor-size-sm\" href=\"\/wp-content\/uploads\/2021\/08\/Norme-metodologice-Legea-locuintei.pdf\">\n\t\t\t\t\t\t<span class=\"elementor-button-content-wrapper\">\n\t\t\t\t\t\t\t\t\t<span class=\"elementor-button-text\">Download<\/span>\n\t\t\t\t\t<\/span>\n\t\t\t\t\t<\/a>\n\t\t<\/div>\n\t\t\t\t<\/div>\n\t\t\t\t<\/div>\n\t\t\t\t\t<\/div>\n\t\t<\/div>\n\t\t\t\t<div class=\"elementor-column elementor-col-25 elementor-top-column elementor-element elementor-element-a1bf6dc\" data-id=\"a1bf6dc\" data-element_type=\"column\" data-settings=\"{&quot;background_background&quot;:&quot;classic&quot;}\">\n\t\t\t<div class=\"elementor-widget-wrap elementor-element-populated\">\n\t\t\t\t\t\t<div class=\"elementor-element elementor-element-46f78b0 elementor-view-default elementor-position-top elementor-mobile-position-top elementor-widget elementor-widget-icon-box\" data-id=\"46f78b0\" data-element_type=\"widget\" data-widget_type=\"icon-box.default\">\n\t\t\t\t<div class=\"elementor-widget-container\">\n\t\t\t\t\t<div class=\"elementor-icon-box-wrapper\">\n\n\t\t\t\t\t\t<div class=\"elementor-icon-box-icon\">\n\t\t\t\t<span  class=\"elementor-icon elementor-animation-\">\n\t\t\t\t<i aria-hidden=\"true\" class=\"far fa-file-pdf\"><\/i>\t\t\t\t<\/span>\n\t\t\t<\/div>\n\t\t\t\n\t\t\t\t\t\t<div class=\"elementor-icon-box-content\">\n\n\t\t\t\t\t\t\t\t\t<h3 class=\"elementor-icon-box-title\">\n\t\t\t\t\t\t<span  >\n\t\t\t\t\t\t\tHG 310 din 2007 pentru actualizarea tarifului lunar al chiriei\t\t\t\t\t\t<\/span>\n\t\t\t\t\t<\/h3>\n\t\t\t\t\n\t\t\t\t\n\t\t\t<\/div>\n\t\t\t\n\t\t<\/div>\n\t\t\t\t<\/div>\n\t\t\t\t<\/div>\n\t\t\t\t<div class=\"elementor-element elementor-element-04a023c elementor-align-center elementor-widget elementor-widget-button\" data-id=\"04a023c\" data-element_type=\"widget\" data-widget_type=\"button.default\">\n\t\t\t\t<div class=\"elementor-widget-container\">\n\t\t\t\t\t<div class=\"elementor-button-wrapper\">\n\t\t\t<a class=\"elementor-button elementor-button-link elementor-size-sm\" href=\"\/wp-content\/uploads\/2021\/10\/HG-310-din-2007-pentru-actualizarea-tarifului-lunar-al-chiriei.pdf\">\n\t\t\t\t\t\t<span class=\"elementor-button-content-wrapper\">\n\t\t\t\t\t\t\t\t\t<span class=\"elementor-button-text\">Download<\/span>\n\t\t\t\t\t<\/span>\n\t\t\t\t\t<\/a>\n\t\t<\/div>\n\t\t\t\t<\/div>\n\t\t\t\t<\/div>\n\t\t\t\t\t<\/div>\n\t\t<\/div>\n\t\t\t\t\t<\/div>\n\t\t<\/section>\n\t\t\t\t<\/div>","protected":false},"excerpt":{"rendered":"<p>ACTELE NECESARE IN VEDEREA PRELUNGIRII CONTRACTULUI DE INCHIRIERE LOCUINTE DIN FONDUL LOCATIV DE STAT: Cerere tip \u2013 ridicata de la Registratura Fondului Imobiliar Constanta \u2013 etaj 1 Certificat fiscal eliberat de S.P.I.T., care sa ateste faptul ca nu figurati cu imobil proprietate personala de la data de 01.01.1990 si pana in prezent \u2013 (pentru toti&hellip;<\/p>","protected":false},"author":6,"featured_media":0,"parent":0,"menu_order":0,"comment_status":"closed","ping_status":"closed","template":"","meta":{"footnotes":""},"class_list":["post-40394","page","type-page","status-publish","hentry"],"yoast_head":"<!-- This site is optimized with the Yoast SEO plugin v25.6 - https:\/\/yoast.com\/wordpress\/plugins\/seo\/ -->\n<title>Fond locativ - Administra\u021bia Fondului Imobiliar<\/title>\n<meta name=\"robots\" content=\"index, follow, max-snippet:-1, max-image-preview:large, max-video-preview:-1\" \/>\n<link rel=\"canonical\" href=\"http:\/\/afi.conforturban-ct.ro\/en\/spatii-locuinte-fond-locativ\/\" \/>\n<meta property=\"og:locale\" content=\"en_US\" \/>\n<meta property=\"og:type\" content=\"article\" \/>\n<meta property=\"og:title\" content=\"Fond locativ - Administra\u021bia Fondului Imobiliar\" \/>\n<meta property=\"og:description\" content=\"ACTELE NECESARE IN VEDEREA PRELUNGIRII CONTRACTULUI DE INCHIRIERE LOCUINTE DIN FONDUL LOCATIV DE STAT: Cerere tip \u2013 ridicata de la Registratura Fondului Imobiliar Constanta \u2013 etaj 1 Certificat fiscal eliberat de S.P.I.T., care sa ateste faptul ca nu figurati cu imobil proprietate personala de la data de 01.01.1990 si pana in prezent \u2013 (pentru toti&hellip;\" \/>\n<meta property=\"og:url\" content=\"http:\/\/afi.conforturban-ct.ro\/en\/spatii-locuinte-fond-locativ\/\" \/>\n<meta property=\"og:site_name\" content=\"Administra\u021bia Fondului Imobiliar\" \/>\n<meta property=\"article:modified_time\" content=\"2022-11-24T14:24:02+00:00\" \/>\n<meta name=\"twitter:card\" content=\"summary_large_image\" \/>\n<meta name=\"twitter:label1\" content=\"Est. reading time\" \/>\n\t<meta name=\"twitter:data1\" content=\"3 minutes\" \/>\n<script type=\"application\/ld+json\" class=\"yoast-schema-graph\">{\"@context\":\"https:\/\/schema.org\",\"@graph\":[{\"@type\":\"WebPage\",\"@id\":\"http:\/\/afi.conforturban-ct.ro\/spatii-locuinte-fond-locativ\/\",\"url\":\"http:\/\/afi.conforturban-ct.ro\/spatii-locuinte-fond-locativ\/\",\"name\":\"Fond locativ - Administra\u021bia Fondului Imobiliar\",\"isPartOf\":{\"@id\":\"https:\/\/afi.conforturban-ct.ro\/#website\"},\"datePublished\":\"2021-08-29T15:24:39+00:00\",\"dateModified\":\"2022-11-24T14:24:02+00:00\",\"inLanguage\":\"en-US\",\"potentialAction\":[{\"@type\":\"ReadAction\",\"target\":[\"http:\/\/afi.conforturban-ct.ro\/spatii-locuinte-fond-locativ\/\"]}]},{\"@type\":\"WebSite\",\"@id\":\"https:\/\/afi.conforturban-ct.ro\/#website\",\"url\":\"https:\/\/afi.conforturban-ct.ro\/\",\"name\":\"Administra\u021bia Fondului Imobiliar\",\"description\":\"Administra\u021bia Fondului Imobiliar\",\"publisher\":{\"@id\":\"https:\/\/afi.conforturban-ct.ro\/#organization\"},\"potentialAction\":[{\"@type\":\"SearchAction\",\"target\":{\"@type\":\"EntryPoint\",\"urlTemplate\":\"https:\/\/afi.conforturban-ct.ro\/?s={search_term_string}\"},\"query-input\":{\"@type\":\"PropertyValueSpecification\",\"valueRequired\":true,\"valueName\":\"search_term_string\"}}],\"inLanguage\":\"en-US\"},{\"@type\":\"Organization\",\"@id\":\"https:\/\/afi.conforturban-ct.ro\/#organization\",\"name\":\"Administra\u021bia Fondului Imobiliar\",\"url\":\"https:\/\/afi.conforturban-ct.ro\/\",\"logo\":{\"@type\":\"ImageObject\",\"inLanguage\":\"en-US\",\"@id\":\"https:\/\/afi.conforturban-ct.ro\/#\/schema\/logo\/image\/\",\"url\":\"http:\/\/afi.conforturban-ct.ro\/wp-content\/uploads\/2022\/11\/Administratia-fondului-imobiliar-2.png\",\"contentUrl\":\"http:\/\/afi.conforturban-ct.ro\/wp-content\/uploads\/2022\/11\/Administratia-fondului-imobiliar-2.png\",\"width\":500,\"height\":39,\"caption\":\"Administra\u021bia Fondului Imobiliar\"},\"image\":{\"@id\":\"https:\/\/afi.conforturban-ct.ro\/#\/schema\/logo\/image\/\"}}]}<\/script>\n<!-- \/ Yoast SEO plugin. -->","yoast_head_json":{"title":"Fond locativ - Administra\u021bia Fondului Imobiliar","robots":{"index":"index","follow":"follow","max-snippet":"max-snippet:-1","max-image-preview":"max-image-preview:large","max-video-preview":"max-video-preview:-1"},"canonical":"http:\/\/afi.conforturban-ct.ro\/en\/spatii-locuinte-fond-locativ\/","og_locale":"en_US","og_type":"article","og_title":"Fond locativ - Administra\u021bia Fondului Imobiliar","og_description":"ACTELE NECESARE IN VEDEREA PRELUNGIRII CONTRACTULUI DE INCHIRIERE LOCUINTE DIN FONDUL LOCATIV DE STAT: Cerere tip \u2013 ridicata de la Registratura Fondului Imobiliar Constanta \u2013 etaj 1 Certificat fiscal eliberat de S.P.I.T., care sa ateste faptul ca nu figurati cu imobil proprietate personala de la data de 01.01.1990 si pana in prezent \u2013 (pentru toti&hellip;","og_url":"http:\/\/afi.conforturban-ct.ro\/en\/spatii-locuinte-fond-locativ\/","og_site_name":"Administra\u021bia Fondului Imobiliar","article_modified_time":"2022-11-24T14:24:02+00:00","twitter_card":"summary_large_image","twitter_misc":{"Est. reading time":"3 minutes"},"schema":{"@context":"https:\/\/schema.org","@graph":[{"@type":"WebPage","@id":"http:\/\/afi.conforturban-ct.ro\/spatii-locuinte-fond-locativ\/","url":"http:\/\/afi.conforturban-ct.ro\/spatii-locuinte-fond-locativ\/","name":"Fond locativ - Administra\u021bia Fondului Imobiliar","isPartOf":{"@id":"https:\/\/afi.conforturban-ct.ro\/#website"},"datePublished":"2021-08-29T15:24:39+00:00","dateModified":"2022-11-24T14:24:02+00:00","inLanguage":"en-US","potentialAction":[{"@type":"ReadAction","target":["http:\/\/afi.conforturban-ct.ro\/spatii-locuinte-fond-locativ\/"]}]},{"@type":"WebSite","@id":"https:\/\/afi.conforturban-ct.ro\/#website","url":"https:\/\/afi.conforturban-ct.ro\/","name":"Administra\u021bia Fondului Imobiliar","description":"Administra\u021bia Fondului Imobiliar","publisher":{"@id":"https:\/\/afi.conforturban-ct.ro\/#organization"},"potentialAction":[{"@type":"SearchAction","target":{"@type":"EntryPoint","urlTemplate":"https:\/\/afi.conforturban-ct.ro\/?s={search_term_string}"},"query-input":{"@type":"PropertyValueSpecification","valueRequired":true,"valueName":"search_term_string"}}],"inLanguage":"en-US"},{"@type":"Organization","@id":"https:\/\/afi.conforturban-ct.ro\/#organization","name":"Administra\u021bia Fondului Imobiliar","url":"https:\/\/afi.conforturban-ct.ro\/","logo":{"@type":"ImageObject","inLanguage":"en-US","@id":"https:\/\/afi.conforturban-ct.ro\/#\/schema\/logo\/image\/","url":"http:\/\/afi.conforturban-ct.ro\/wp-content\/uploads\/2022\/11\/Administratia-fondului-imobiliar-2.png","contentUrl":"http:\/\/afi.conforturban-ct.ro\/wp-content\/uploads\/2022\/11\/Administratia-fondului-imobiliar-2.png","width":500,"height":39,"caption":"Administra\u021bia Fondului Imobiliar"},"image":{"@id":"https:\/\/afi.conforturban-ct.ro\/#\/schema\/logo\/image\/"}}]}},"_links":{"self":[{"href":"http:\/\/afi.conforturban-ct.ro\/en\/wp-json\/wp\/v2\/pages\/40394","targetHints":{"allow":["GET"]}}],"collection":[{"href":"http:\/\/afi.conforturban-ct.ro\/en\/wp-json\/wp\/v2\/pages"}],"about":[{"href":"http:\/\/afi.conforturban-ct.ro\/en\/wp-json\/wp\/v2\/types\/page"}],"author":[{"embeddable":true,"href":"http:\/\/afi.conforturban-ct.ro\/en\/wp-json\/wp\/v2\/users\/6"}],"replies":[{"embeddable":true,"href":"http:\/\/afi.conforturban-ct.ro\/en\/wp-json\/wp\/v2\/comments?post=40394"}],"version-history":[{"count":21,"href":"http:\/\/afi.conforturban-ct.ro\/en\/wp-json\/wp\/v2\/pages\/40394\/revisions"}],"predecessor-version":[{"id":41715,"href":"http:\/\/afi.conforturban-ct.ro\/en\/wp-json\/wp\/v2\/pages\/40394\/revisions\/41715"}],"wp:attachment":[{"href":"http:\/\/afi.conforturban-ct.ro\/en\/wp-json\/wp\/v2\/media?parent=40394"}],"curies":[{"name":"wp","href":"https:\/\/api.w.org\/{rel}","templated":true}]}}