{"id":40413,"date":"2021-08-29T18:33:49","date_gmt":"2021-08-29T15:33:49","guid":{"rendered":"https:\/\/raedpp-constanta.ro\/?page_id=40413"},"modified":"2022-03-25T01:29:02","modified_gmt":"2022-03-24T22:29:02","slug":"piete","status":"publish","type":"page","link":"http:\/\/afi.conforturban-ct.ro\/en\/piete\/","title":{"rendered":"Pie\u021be"},"content":{"rendered":"<div data-elementor-type=\"wp-page\" data-elementor-id=\"40413\" class=\"elementor elementor-40413\" data-elementor-post-type=\"page\">\n\t\t\t\t\t\t<section class=\"elementor-section elementor-top-section elementor-element elementor-element-e3bd512 elementor-section-boxed elementor-section-height-default elementor-section-height-default\" data-id=\"e3bd512\" data-element_type=\"section\">\n\t\t\t\t\t\t<div class=\"elementor-container elementor-column-gap-default\">\n\t\t\t\t\t<div class=\"elementor-column elementor-col-100 elementor-top-column elementor-element elementor-element-59a9dfe\" data-id=\"59a9dfe\" data-element_type=\"column\">\n\t\t\t<div class=\"elementor-widget-wrap elementor-element-populated\">\n\t\t\t\t\t\t<div class=\"elementor-element elementor-element-649b75b elementor-widget elementor-widget-text-editor\" data-id=\"649b75b\" data-element_type=\"widget\" data-widget_type=\"text-editor.default\">\n\t\t\t\t<div class=\"elementor-widget-container\">\n\t\t\t\t\t\t\t<p style=\"font-weight: 400;\"><strong>Pie\u021be \u0219i bazare administrate de RAEDPP Constan\u021ba:<\/strong><\/p><p style=\"font-weight: 400;\">Pia\u021ba Brot\u0103cei<\/p><p style=\"font-weight: 400;\">Pia\u021ba Grivi\u021ba<\/p><p style=\"font-weight: 400;\">Pia\u021ba Pesc\u0103ru\u0219<\/p><p style=\"font-weight: 400;\">Pia\u021ba Unirii<\/p><p style=\"font-weight: 400;\">Pia\u021ba Tic-Tac<\/p><p style=\"font-weight: 400;\">Pia\u021ba IL Caragiale<\/p><p style=\"font-weight: 400;\">Pia\u021ba Tomis III<\/p><p style=\"font-weight: 400;\">Pia\u021ba Tomis Nord<\/p><p style=\"font-weight: 400;\">Bazar Eliber\u0103rii<\/p><p style=\"font-weight: 400;\"><strong>PROGRAM PIE\u021aE AGROALIMENTARE:<\/strong><\/p><p>\u00a0<\/p><p style=\"font-weight: 400;\"><strong>PROGRAM DE VAR\u0102 :<\/strong>\u00a0\u00a0\u00a0\u00a0\u00a0\u00a0\u00a0\u00a0\u00a0\u00a0\u00a0\u00a0\u00a0LUNI-S\u00c2MB\u0102T\u0102 \u00a0\u00a0\u00a0\u00a0 07:00-20:00<\/p><p>\u00a0<\/p><p>\u00a0\u00a0\u00a0\u00a0\u00a0\u00a0\u00a0\u00a0\u00a0\u00a0\u00a0\u00a0\u00a0\u00a0\u00a0\u00a0\u00a0\u00a0\u00a0\u00a0\u00a0\u00a0\u00a0\u00a0\u00a0\u00a0\u00a0\u00a0\u00a0\u00a0<wbr \/>\u00a0\u00a0\u00a0\u00a0\u00a0\u00a0\u00a0\u00a0\u00a0\u00a0\u00a0\u00a0\u00a0\u00a0\u00a0\u00a0\u00a0\u00a0\u00a0\u00a0\u00a0\u00a0\u00a0<wbr \/>DUMINIC\u0102\u00a0\u00a0\u00a0\u00a0\u00a0\u00a0\u00a0\u00a0\u00a0\u00a007:00-13:00<\/p><p>\u00a0<\/p><p><strong>PROGRAM DE IARN\u0102 :\u00a0<\/strong>\u00a0\u00a0\u00a0\u00a0\u00a0\u00a0\u00a0\u00a0\u00a0\u00a0\u00a0LUNI-S\u00c2MB\u0102T\u0102 \u00a0\u00a0 07:30-18:00<\/p><p>\u00a0<\/p><p>\u00a0\u00a0\u00a0\u00a0\u00a0\u00a0\u00a0\u00a0\u00a0\u00a0\u00a0\u00a0\u00a0\u00a0\u00a0\u00a0\u00a0\u00a0\u00a0\u00a0\u00a0\u00a0\u00a0\u00a0\u00a0\u00a0\u00a0\u00a0\u00a0\u00a0<wbr \/>\u00a0\u00a0\u00a0\u00a0\u00a0\u00a0\u00a0\u00a0\u00a0\u00a0\u00a0\u00a0\u00a0\u00a0\u00a0\u00a0\u00a0\u00a0\u00a0\u00a0\u00a0\u00a0<wbr \/>DUMINIC\u0102\u00a0\u00a0\u00a0\u00a0\u00a0\u00a0\u00a0\u00a0\u00a0\u00a007:30-13:00<\/p>\t\t\t\t\t\t<\/div>\n\t\t\t\t<\/div>\n\t\t\t\t\t<\/div>\n\t\t<\/div>\n\t\t\t\t\t<\/div>\n\t\t<\/section>\n\t\t\t\t<\/div>","protected":false},"excerpt":{"rendered":"<p>Pie\u021be \u0219i bazare administrate de RAEDPP Constan\u021ba: Pia\u021ba Brot\u0103cei Pia\u021ba Grivi\u021ba Pia\u021ba Pesc\u0103ru\u0219 Pia\u021ba Unirii Pia\u021ba Tic-Tac Pia\u021ba IL Caragiale Pia\u021ba Tomis III Pia\u021ba Tomis Nord Bazar Eliber\u0103rii PROGRAM PIE\u021aE AGROALIMENTARE: \u00a0 PROGRAM DE VAR\u0102 :\u00a0\u00a0\u00a0\u00a0\u00a0\u00a0\u00a0\u00a0\u00a0\u00a0\u00a0\u00a0\u00a0LUNI-S\u00c2MB\u0102T\u0102 \u00a0\u00a0\u00a0\u00a0 07:00-20:00 \u00a0 \u00a0\u00a0\u00a0\u00a0\u00a0\u00a0\u00a0\u00a0\u00a0\u00a0\u00a0\u00a0\u00a0\u00a0\u00a0\u00a0\u00a0\u00a0\u00a0\u00a0\u00a0\u00a0\u00a0\u00a0\u00a0\u00a0\u00a0\u00a0\u00a0\u00a0\u00a0\u00a0\u00a0\u00a0\u00a0\u00a0\u00a0\u00a0\u00a0\u00a0\u00a0\u00a0\u00a0\u00a0\u00a0\u00a0\u00a0\u00a0\u00a0\u00a0\u00a0\u00a0\u00a0DUMINIC\u0102\u00a0\u00a0\u00a0\u00a0\u00a0\u00a0\u00a0\u00a0\u00a0\u00a007:00-13:00 \u00a0 PROGRAM DE IARN\u0102 :\u00a0\u00a0\u00a0\u00a0\u00a0\u00a0\u00a0\u00a0\u00a0\u00a0\u00a0\u00a0LUNI-S\u00c2MB\u0102T\u0102 \u00a0\u00a0 07:30-18:00 \u00a0 \u00a0\u00a0\u00a0\u00a0\u00a0\u00a0\u00a0\u00a0\u00a0\u00a0\u00a0\u00a0\u00a0\u00a0\u00a0\u00a0\u00a0\u00a0\u00a0\u00a0\u00a0\u00a0\u00a0\u00a0\u00a0\u00a0\u00a0\u00a0\u00a0\u00a0\u00a0\u00a0\u00a0\u00a0\u00a0\u00a0\u00a0\u00a0\u00a0\u00a0\u00a0\u00a0\u00a0\u00a0\u00a0\u00a0\u00a0\u00a0\u00a0\u00a0\u00a0\u00a0DUMINIC\u0102\u00a0\u00a0\u00a0\u00a0\u00a0\u00a0\u00a0\u00a0\u00a0\u00a007:30-13:00<\/p>","protected":false},"author":6,"featured_media":0,"parent":0,"menu_order":0,"comment_status":"closed","ping_status":"closed","template":"","meta":{"footnotes":""},"class_list":["post-40413","page","type-page","status-publish","hentry"],"yoast_head":"<!-- This site is optimized with the Yoast SEO plugin v25.6 - https:\/\/yoast.com\/wordpress\/plugins\/seo\/ -->\n<title>Pie\u021be - Administra\u021bia Fondului Imobiliar<\/title>\n<meta name=\"robots\" content=\"index, follow, max-snippet:-1, max-image-preview:large, max-video-preview:-1\" \/>\n<link rel=\"canonical\" href=\"http:\/\/afi.conforturban-ct.ro\/en\/piete\/\" \/>\n<meta property=\"og:locale\" content=\"en_US\" \/>\n<meta property=\"og:type\" content=\"article\" \/>\n<meta property=\"og:title\" content=\"Pie\u021be - Administra\u021bia Fondului Imobiliar\" \/>\n<meta property=\"og:description\" content=\"Pie\u021be \u0219i bazare administrate de RAEDPP Constan\u021ba: Pia\u021ba Brot\u0103cei Pia\u021ba Grivi\u021ba Pia\u021ba Pesc\u0103ru\u0219 Pia\u021ba Unirii Pia\u021ba Tic-Tac Pia\u021ba IL Caragiale Pia\u021ba Tomis III Pia\u021ba Tomis Nord Bazar Eliber\u0103rii PROGRAM PIE\u021aE AGROALIMENTARE: \u00a0 PROGRAM DE VAR\u0102 :\u00a0\u00a0\u00a0\u00a0\u00a0\u00a0\u00a0\u00a0\u00a0\u00a0\u00a0\u00a0\u00a0LUNI-S\u00c2MB\u0102T\u0102 \u00a0\u00a0\u00a0\u00a0 07:00-20:00 \u00a0 \u00a0\u00a0\u00a0\u00a0\u00a0\u00a0\u00a0\u00a0\u00a0\u00a0\u00a0\u00a0\u00a0\u00a0\u00a0\u00a0\u00a0\u00a0\u00a0\u00a0\u00a0\u00a0\u00a0\u00a0\u00a0\u00a0\u00a0\u00a0\u00a0\u00a0\u00a0\u00a0\u00a0\u00a0\u00a0\u00a0\u00a0\u00a0\u00a0\u00a0\u00a0\u00a0\u00a0\u00a0\u00a0\u00a0\u00a0\u00a0\u00a0\u00a0\u00a0\u00a0\u00a0DUMINIC\u0102\u00a0\u00a0\u00a0\u00a0\u00a0\u00a0\u00a0\u00a0\u00a0\u00a007:00-13:00 \u00a0 PROGRAM DE IARN\u0102 :\u00a0\u00a0\u00a0\u00a0\u00a0\u00a0\u00a0\u00a0\u00a0\u00a0\u00a0\u00a0LUNI-S\u00c2MB\u0102T\u0102 \u00a0\u00a0 07:30-18:00 \u00a0 \u00a0\u00a0\u00a0\u00a0\u00a0\u00a0\u00a0\u00a0\u00a0\u00a0\u00a0\u00a0\u00a0\u00a0\u00a0\u00a0\u00a0\u00a0\u00a0\u00a0\u00a0\u00a0\u00a0\u00a0\u00a0\u00a0\u00a0\u00a0\u00a0\u00a0\u00a0\u00a0\u00a0\u00a0\u00a0\u00a0\u00a0\u00a0\u00a0\u00a0\u00a0\u00a0\u00a0\u00a0\u00a0\u00a0\u00a0\u00a0\u00a0\u00a0\u00a0\u00a0DUMINIC\u0102\u00a0\u00a0\u00a0\u00a0\u00a0\u00a0\u00a0\u00a0\u00a0\u00a007:30-13:00\" \/>\n<meta property=\"og:url\" content=\"http:\/\/afi.conforturban-ct.ro\/en\/piete\/\" \/>\n<meta property=\"og:site_name\" content=\"Administra\u021bia Fondului Imobiliar\" \/>\n<meta property=\"article:modified_time\" content=\"2022-03-24T22:29:02+00:00\" \/>\n<meta name=\"twitter:card\" content=\"summary_large_image\" \/>\n<meta name=\"twitter:label1\" content=\"Est. reading time\" \/>\n\t<meta name=\"twitter:data1\" content=\"1 minute\" \/>\n<script type=\"application\/ld+json\" class=\"yoast-schema-graph\">{\"@context\":\"https:\/\/schema.org\",\"@graph\":[{\"@type\":\"WebPage\",\"@id\":\"http:\/\/afi.conforturban-ct.ro\/en\/piete\/\",\"url\":\"http:\/\/afi.conforturban-ct.ro\/en\/piete\/\",\"name\":\"Pie\u021be - Administra\u021bia Fondului Imobiliar\",\"isPartOf\":{\"@id\":\"http:\/\/afi.conforturban-ct.ro\/en\/#website\"},\"datePublished\":\"2021-08-29T15:33:49+00:00\",\"dateModified\":\"2022-03-24T22:29:02+00:00\",\"inLanguage\":\"en-US\",\"potentialAction\":[{\"@type\":\"ReadAction\",\"target\":[\"http:\/\/afi.conforturban-ct.ro\/en\/piete\/\"]}]},{\"@type\":\"WebSite\",\"@id\":\"http:\/\/afi.conforturban-ct.ro\/en\/#website\",\"url\":\"http:\/\/afi.conforturban-ct.ro\/en\/\",\"name\":\"Administra\u021bia Fondului Imobiliar\",\"description\":\"Administra\u021bia Fondului Imobiliar\",\"publisher\":{\"@id\":\"http:\/\/afi.conforturban-ct.ro\/en\/#organization\"},\"potentialAction\":[{\"@type\":\"SearchAction\",\"target\":{\"@type\":\"EntryPoint\",\"urlTemplate\":\"http:\/\/afi.conforturban-ct.ro\/en\/?s={search_term_string}\"},\"query-input\":{\"@type\":\"PropertyValueSpecification\",\"valueRequired\":true,\"valueName\":\"search_term_string\"}}],\"inLanguage\":\"en-US\"},{\"@type\":\"Organization\",\"@id\":\"http:\/\/afi.conforturban-ct.ro\/en\/#organization\",\"name\":\"Administra\u021bia Fondului Imobiliar\",\"url\":\"http:\/\/afi.conforturban-ct.ro\/en\/\",\"logo\":{\"@type\":\"ImageObject\",\"inLanguage\":\"en-US\",\"@id\":\"http:\/\/afi.conforturban-ct.ro\/en\/#\/schema\/logo\/image\/\",\"url\":\"http:\/\/afi.conforturban-ct.ro\/wp-content\/uploads\/2022\/11\/Administratia-fondului-imobiliar-2.png\",\"contentUrl\":\"http:\/\/afi.conforturban-ct.ro\/wp-content\/uploads\/2022\/11\/Administratia-fondului-imobiliar-2.png\",\"width\":500,\"height\":39,\"caption\":\"Administra\u021bia Fondului Imobiliar\"},\"image\":{\"@id\":\"http:\/\/afi.conforturban-ct.ro\/en\/#\/schema\/logo\/image\/\"}}]}<\/script>\n<!-- \/ Yoast SEO plugin. -->","yoast_head_json":{"title":"Pie\u021be - Administra\u021bia Fondului Imobiliar","robots":{"index":"index","follow":"follow","max-snippet":"max-snippet:-1","max-image-preview":"max-image-preview:large","max-video-preview":"max-video-preview:-1"},"canonical":"http:\/\/afi.conforturban-ct.ro\/en\/piete\/","og_locale":"en_US","og_type":"article","og_title":"Pie\u021be - Administra\u021bia Fondului Imobiliar","og_description":"Pie\u021be \u0219i bazare administrate de RAEDPP Constan\u021ba: Pia\u021ba Brot\u0103cei Pia\u021ba Grivi\u021ba Pia\u021ba Pesc\u0103ru\u0219 Pia\u021ba Unirii Pia\u021ba Tic-Tac Pia\u021ba IL Caragiale Pia\u021ba Tomis III Pia\u021ba Tomis Nord Bazar Eliber\u0103rii PROGRAM PIE\u021aE AGROALIMENTARE: \u00a0 PROGRAM DE VAR\u0102 :\u00a0\u00a0\u00a0\u00a0\u00a0\u00a0\u00a0\u00a0\u00a0\u00a0\u00a0\u00a0\u00a0LUNI-S\u00c2MB\u0102T\u0102 \u00a0\u00a0\u00a0\u00a0 07:00-20:00 \u00a0 \u00a0\u00a0\u00a0\u00a0\u00a0\u00a0\u00a0\u00a0\u00a0\u00a0\u00a0\u00a0\u00a0\u00a0\u00a0\u00a0\u00a0\u00a0\u00a0\u00a0\u00a0\u00a0\u00a0\u00a0\u00a0\u00a0\u00a0\u00a0\u00a0\u00a0\u00a0\u00a0\u00a0\u00a0\u00a0\u00a0\u00a0\u00a0\u00a0\u00a0\u00a0\u00a0\u00a0\u00a0\u00a0\u00a0\u00a0\u00a0\u00a0\u00a0\u00a0\u00a0\u00a0DUMINIC\u0102\u00a0\u00a0\u00a0\u00a0\u00a0\u00a0\u00a0\u00a0\u00a0\u00a007:00-13:00 \u00a0 PROGRAM DE IARN\u0102 :\u00a0\u00a0\u00a0\u00a0\u00a0\u00a0\u00a0\u00a0\u00a0\u00a0\u00a0\u00a0LUNI-S\u00c2MB\u0102T\u0102 \u00a0\u00a0 07:30-18:00 \u00a0 \u00a0\u00a0\u00a0\u00a0\u00a0\u00a0\u00a0\u00a0\u00a0\u00a0\u00a0\u00a0\u00a0\u00a0\u00a0\u00a0\u00a0\u00a0\u00a0\u00a0\u00a0\u00a0\u00a0\u00a0\u00a0\u00a0\u00a0\u00a0\u00a0\u00a0\u00a0\u00a0\u00a0\u00a0\u00a0\u00a0\u00a0\u00a0\u00a0\u00a0\u00a0\u00a0\u00a0\u00a0\u00a0\u00a0\u00a0\u00a0\u00a0\u00a0\u00a0\u00a0DUMINIC\u0102\u00a0\u00a0\u00a0\u00a0\u00a0\u00a0\u00a0\u00a0\u00a0\u00a007:30-13:00","og_url":"http:\/\/afi.conforturban-ct.ro\/en\/piete\/","og_site_name":"Administra\u021bia Fondului Imobiliar","article_modified_time":"2022-03-24T22:29:02+00:00","twitter_card":"summary_large_image","twitter_misc":{"Est. reading time":"1 minute"},"schema":{"@context":"https:\/\/schema.org","@graph":[{"@type":"WebPage","@id":"http:\/\/afi.conforturban-ct.ro\/en\/piete\/","url":"http:\/\/afi.conforturban-ct.ro\/en\/piete\/","name":"Pie\u021be - Administra\u021bia Fondului Imobiliar","isPartOf":{"@id":"http:\/\/afi.conforturban-ct.ro\/en\/#website"},"datePublished":"2021-08-29T15:33:49+00:00","dateModified":"2022-03-24T22:29:02+00:00","inLanguage":"en-US","potentialAction":[{"@type":"ReadAction","target":["http:\/\/afi.conforturban-ct.ro\/en\/piete\/"]}]},{"@type":"WebSite","@id":"http:\/\/afi.conforturban-ct.ro\/en\/#website","url":"http:\/\/afi.conforturban-ct.ro\/en\/","name":"Administra\u021bia Fondului Imobiliar","description":"Administra\u021bia Fondului Imobiliar","publisher":{"@id":"http:\/\/afi.conforturban-ct.ro\/en\/#organization"},"potentialAction":[{"@type":"SearchAction","target":{"@type":"EntryPoint","urlTemplate":"http:\/\/afi.conforturban-ct.ro\/en\/?s={search_term_string}"},"query-input":{"@type":"PropertyValueSpecification","valueRequired":true,"valueName":"search_term_string"}}],"inLanguage":"en-US"},{"@type":"Organization","@id":"http:\/\/afi.conforturban-ct.ro\/en\/#organization","name":"Administra\u021bia Fondului Imobiliar","url":"http:\/\/afi.conforturban-ct.ro\/en\/","logo":{"@type":"ImageObject","inLanguage":"en-US","@id":"http:\/\/afi.conforturban-ct.ro\/en\/#\/schema\/logo\/image\/","url":"http:\/\/afi.conforturban-ct.ro\/wp-content\/uploads\/2022\/11\/Administratia-fondului-imobiliar-2.png","contentUrl":"http:\/\/afi.conforturban-ct.ro\/wp-content\/uploads\/2022\/11\/Administratia-fondului-imobiliar-2.png","width":500,"height":39,"caption":"Administra\u021bia Fondului Imobiliar"},"image":{"@id":"http:\/\/afi.conforturban-ct.ro\/en\/#\/schema\/logo\/image\/"}}]}},"_links":{"self":[{"href":"http:\/\/afi.conforturban-ct.ro\/en\/wp-json\/wp\/v2\/pages\/40413","targetHints":{"allow":["GET"]}}],"collection":[{"href":"http:\/\/afi.conforturban-ct.ro\/en\/wp-json\/wp\/v2\/pages"}],"about":[{"href":"http:\/\/afi.conforturban-ct.ro\/en\/wp-json\/wp\/v2\/types\/page"}],"author":[{"embeddable":true,"href":"http:\/\/afi.conforturban-ct.ro\/en\/wp-json\/wp\/v2\/users\/6"}],"replies":[{"embeddable":true,"href":"http:\/\/afi.conforturban-ct.ro\/en\/wp-json\/wp\/v2\/comments?post=40413"}],"version-history":[{"count":7,"href":"http:\/\/afi.conforturban-ct.ro\/en\/wp-json\/wp\/v2\/pages\/40413\/revisions"}],"predecessor-version":[{"id":41226,"href":"http:\/\/afi.conforturban-ct.ro\/en\/wp-json\/wp\/v2\/pages\/40413\/revisions\/41226"}],"wp:attachment":[{"href":"http:\/\/afi.conforturban-ct.ro\/en\/wp-json\/wp\/v2\/media?parent=40413"}],"curies":[{"name":"wp","href":"https:\/\/api.w.org\/{rel}","templated":true}]}}