{"id":40417,"date":"2021-08-29T18:35:43","date_gmt":"2021-08-29T15:35:43","guid":{"rendered":"https:\/\/raedpp-constanta.ro\/?page_id=40417"},"modified":"2021-08-29T19:31:56","modified_gmt":"2021-08-29T16:31:56","slug":"informatii-utile","status":"publish","type":"page","link":"http:\/\/afi.conforturban-ct.ro\/en\/informatii-utile\/","title":{"rendered":"Informa\u021bii utile"},"content":{"rendered":"<div data-elementor-type=\"wp-page\" data-elementor-id=\"40417\" class=\"elementor elementor-40417\" data-elementor-post-type=\"page\">\n\t\t\t\t\t\t<section class=\"elementor-section elementor-top-section elementor-element elementor-element-215a050 elementor-section-boxed elementor-section-height-default elementor-section-height-default\" data-id=\"215a050\" data-element_type=\"section\">\n\t\t\t\t\t\t<div class=\"elementor-container elementor-column-gap-default\">\n\t\t\t\t\t<div class=\"elementor-column elementor-col-100 elementor-top-column elementor-element elementor-element-6be2b17\" data-id=\"6be2b17\" data-element_type=\"column\">\n\t\t\t<div class=\"elementor-widget-wrap elementor-element-populated\">\n\t\t\t\t\t\t<div class=\"elementor-element elementor-element-f1c9d57 elementor-widget elementor-widget-text-editor\" data-id=\"f1c9d57\" data-element_type=\"widget\" data-widget_type=\"text-editor.default\">\n\t\t\t\t<div class=\"elementor-widget-container\">\n\t\t\t\t\t\t\t<p><strong>ACTE NECESARE PENTRU \u00ceNCHIRIEREA MESELOR \u0218I TERENURILOR DIN INCINTA PIE\u021aELOR<\/strong><\/p><p>Agen\u021bii economici pot \u00eencheia contracte de \u00eenchirere pentru mese \u00een vederea\u00a0 comercializ\u0103rii de legume-fructe \u0219i flori c\u00e2t \u0219i pentru loca\u021bii\/teren \u00een vederea comercializ\u0103rii de produse nealimentare (uz gospodaresc, ziare, obiecte de cult religios) sau pentru amplasarea de automate cu produse alimentare, \u00een condi\u021biile prezent\u0103rii urm\u0103toarelor documente:<\/p><ul><li>Cerere<\/li><li>Recomandare de la intendentul din pia\u021b\u0103 (pentru mese)<\/li><li>Certificatul de \u00eenregistrare la Oficiul Registrul Comer\u021bului<\/li><li>Certificat constatator de la Oficiul Registrului Comer\u0163ului<\/li><li>Adres\u0103 furnizare informa\u021bii extinse emis\u0103 de Oficiul Registrului Comer\u0163ului<\/li><li>Actul constitutiv\/statutul ofertantului<\/li><li>Certificatul de \u00eenregistrare fiscal\u0103<\/li><li>\u00cencheiere\/Sentin\u0163\u0103\/Rezolu\u021bie emis\u0103 de Oficiul Registrului Comer\u0163ului privind \u00eenfiin\u0163area societ\u0103\u0163ii<\/li><li>Acord de constituire \u0219i procur\u0103 special\u0103 (pentru \u00eentreprinderile familiale \u00eenfiin\u0163ate conform OUG nr.44\/2008)<\/li><li>Rezolu\u0163ie eliberat\u0103 de Oficiul Registrului Comer\u0163ului (pentru persoanele fizice autorizate, \u00eentreprinderile individuale sau familiale \u00eenfiin\u0163ate conform OUG nr.44\/2008)<\/li><li>Copie act de identitate<\/li><\/ul><p>Agen\u021bii economici\/produc\u0103torii agricoli pot ob\u021bine acorduri pentru \u00eenchirierea loca\u021biilor\/terenurilor \u00een vederea comercializ\u0103rii de produse de sezon, temporare (m\u0103r\u021bi\u0219oare, mo\u0219i, cadouri de Pa\u0219te, cadouri de Cr\u0103ciun, etc.) \u00een condi\u021biile prezent\u0103rii urm\u0103toarelor documente:<\/p><ul><li>Cerere<\/li><li>Certificatul de \u00eenregistrare la Oficiul Registrul Comer\u021bului<\/li><li>Certificat constatator de la Oficiul Registrului Comer\u0163ului<\/li><li>Adres\u0103 furnizare informa\u021bii extinse emis\u0103 de Oficiul Registrului Comer\u0163ului<\/li><li>Actul constitutiv\/statutul ofertantului<\/li><li>Certificatul de \u00eenregistrare fiscal\u0103<\/li><li>\u00cencheiere\/Sentin\u0163\u0103\/Rezolu\u021bie emis\u0103 de Oficiul Registrului Comer\u0163ului privind \u00eenfiin\u0163area societ\u0103\u0163ii<\/li><li>Acord de constituire \u0219i procur\u0103 special\u0103 (pentru \u00eentreprinderile familiale \u00eenfiin\u0163ate conform OUG nr.44\/2008)<\/li><li>Rezolu\u0163ie eliberat\u0103 de Oficiul Registrului Comer\u0163ului (pentru persoanele fizice autorizate, \u00eentreprinderile individuale sau familiale \u00eenfiin\u0163ate conform OUG nr.44\/2008)<\/li><li>Copie act de identitate<\/li><li>Atestat de produc\u0103tor<\/li><\/ul>\t\t\t\t\t\t<\/div>\n\t\t\t\t<\/div>\n\t\t\t\t\t<\/div>\n\t\t<\/div>\n\t\t\t\t\t<\/div>\n\t\t<\/section>\n\t\t\t\t<\/div>","protected":false},"excerpt":{"rendered":"<p>ACTE NECESARE PENTRU \u00ceNCHIRIEREA MESELOR \u0218I TERENURILOR DIN INCINTA PIE\u021aELOR Agen\u021bii economici pot \u00eencheia contracte de \u00eenchirere pentru mese \u00een vederea\u00a0 comercializ\u0103rii de legume-fructe \u0219i flori c\u00e2t \u0219i pentru loca\u021bii\/teren \u00een vederea comercializ\u0103rii de produse nealimentare (uz gospodaresc, ziare, obiecte de cult religios) sau pentru amplasarea de automate cu produse alimentare, \u00een condi\u021biile prezent\u0103rii urm\u0103toarelor&hellip;<\/p>","protected":false},"author":6,"featured_media":0,"parent":0,"menu_order":0,"comment_status":"closed","ping_status":"closed","template":"","meta":{"footnotes":""},"class_list":["post-40417","page","type-page","status-publish","hentry"],"yoast_head":"<!-- This site is optimized with the Yoast SEO plugin v25.6 - https:\/\/yoast.com\/wordpress\/plugins\/seo\/ -->\n<title>Informa\u021bii utile - Administra\u021bia Fondului Imobiliar<\/title>\n<meta name=\"robots\" content=\"index, follow, max-snippet:-1, max-image-preview:large, max-video-preview:-1\" \/>\n<link rel=\"canonical\" href=\"http:\/\/afi.conforturban-ct.ro\/en\/informatii-utile\/\" \/>\n<meta property=\"og:locale\" content=\"en_US\" \/>\n<meta property=\"og:type\" content=\"article\" \/>\n<meta property=\"og:title\" content=\"Informa\u021bii utile - Administra\u021bia Fondului Imobiliar\" \/>\n<meta property=\"og:description\" content=\"ACTE NECESARE PENTRU \u00ceNCHIRIEREA MESELOR \u0218I TERENURILOR DIN INCINTA PIE\u021aELOR Agen\u021bii economici pot \u00eencheia contracte de \u00eenchirere pentru mese \u00een vederea\u00a0 comercializ\u0103rii de legume-fructe \u0219i flori c\u00e2t \u0219i pentru loca\u021bii\/teren \u00een vederea comercializ\u0103rii de produse nealimentare (uz gospodaresc, ziare, obiecte de cult religios) sau pentru amplasarea de automate cu produse alimentare, \u00een condi\u021biile prezent\u0103rii urm\u0103toarelor&hellip;\" \/>\n<meta property=\"og:url\" content=\"http:\/\/afi.conforturban-ct.ro\/en\/informatii-utile\/\" \/>\n<meta property=\"og:site_name\" content=\"Administra\u021bia Fondului Imobiliar\" \/>\n<meta property=\"article:modified_time\" content=\"2021-08-29T16:31:56+00:00\" \/>\n<meta name=\"twitter:card\" content=\"summary_large_image\" \/>\n<meta name=\"twitter:label1\" content=\"Est. reading time\" \/>\n\t<meta name=\"twitter:data1\" content=\"2 minutes\" \/>\n<script type=\"application\/ld+json\" class=\"yoast-schema-graph\">{\"@context\":\"https:\/\/schema.org\",\"@graph\":[{\"@type\":\"WebPage\",\"@id\":\"http:\/\/afi.conforturban-ct.ro\/en\/informatii-utile\/\",\"url\":\"http:\/\/afi.conforturban-ct.ro\/en\/informatii-utile\/\",\"name\":\"Informa\u021bii utile - Administra\u021bia Fondului Imobiliar\",\"isPartOf\":{\"@id\":\"https:\/\/afi.conforturban-ct.ro\/#website\"},\"datePublished\":\"2021-08-29T15:35:43+00:00\",\"dateModified\":\"2021-08-29T16:31:56+00:00\",\"inLanguage\":\"en-US\",\"potentialAction\":[{\"@type\":\"ReadAction\",\"target\":[\"http:\/\/afi.conforturban-ct.ro\/en\/informatii-utile\/\"]}]},{\"@type\":\"WebSite\",\"@id\":\"https:\/\/afi.conforturban-ct.ro\/#website\",\"url\":\"https:\/\/afi.conforturban-ct.ro\/\",\"name\":\"Administra\u021bia Fondului Imobiliar\",\"description\":\"Administra\u021bia Fondului Imobiliar\",\"publisher\":{\"@id\":\"https:\/\/afi.conforturban-ct.ro\/#organization\"},\"potentialAction\":[{\"@type\":\"SearchAction\",\"target\":{\"@type\":\"EntryPoint\",\"urlTemplate\":\"https:\/\/afi.conforturban-ct.ro\/?s={search_term_string}\"},\"query-input\":{\"@type\":\"PropertyValueSpecification\",\"valueRequired\":true,\"valueName\":\"search_term_string\"}}],\"inLanguage\":\"en-US\"},{\"@type\":\"Organization\",\"@id\":\"https:\/\/afi.conforturban-ct.ro\/#organization\",\"name\":\"Administra\u021bia Fondului Imobiliar\",\"url\":\"https:\/\/afi.conforturban-ct.ro\/\",\"logo\":{\"@type\":\"ImageObject\",\"inLanguage\":\"en-US\",\"@id\":\"https:\/\/afi.conforturban-ct.ro\/#\/schema\/logo\/image\/\",\"url\":\"http:\/\/afi.conforturban-ct.ro\/wp-content\/uploads\/2022\/11\/Administratia-fondului-imobiliar-2.png\",\"contentUrl\":\"http:\/\/afi.conforturban-ct.ro\/wp-content\/uploads\/2022\/11\/Administratia-fondului-imobiliar-2.png\",\"width\":500,\"height\":39,\"caption\":\"Administra\u021bia Fondului Imobiliar\"},\"image\":{\"@id\":\"https:\/\/afi.conforturban-ct.ro\/#\/schema\/logo\/image\/\"}}]}<\/script>\n<!-- \/ Yoast SEO plugin. -->","yoast_head_json":{"title":"Informa\u021bii utile - Administra\u021bia Fondului Imobiliar","robots":{"index":"index","follow":"follow","max-snippet":"max-snippet:-1","max-image-preview":"max-image-preview:large","max-video-preview":"max-video-preview:-1"},"canonical":"http:\/\/afi.conforturban-ct.ro\/en\/informatii-utile\/","og_locale":"en_US","og_type":"article","og_title":"Informa\u021bii utile - Administra\u021bia Fondului Imobiliar","og_description":"ACTE NECESARE PENTRU \u00ceNCHIRIEREA MESELOR \u0218I TERENURILOR DIN INCINTA PIE\u021aELOR Agen\u021bii economici pot \u00eencheia contracte de \u00eenchirere pentru mese \u00een vederea\u00a0 comercializ\u0103rii de legume-fructe \u0219i flori c\u00e2t \u0219i pentru loca\u021bii\/teren \u00een vederea comercializ\u0103rii de produse nealimentare (uz gospodaresc, ziare, obiecte de cult religios) sau pentru amplasarea de automate cu produse alimentare, \u00een condi\u021biile prezent\u0103rii urm\u0103toarelor&hellip;","og_url":"http:\/\/afi.conforturban-ct.ro\/en\/informatii-utile\/","og_site_name":"Administra\u021bia Fondului Imobiliar","article_modified_time":"2021-08-29T16:31:56+00:00","twitter_card":"summary_large_image","twitter_misc":{"Est. reading time":"2 minutes"},"schema":{"@context":"https:\/\/schema.org","@graph":[{"@type":"WebPage","@id":"http:\/\/afi.conforturban-ct.ro\/en\/informatii-utile\/","url":"http:\/\/afi.conforturban-ct.ro\/en\/informatii-utile\/","name":"Informa\u021bii utile - Administra\u021bia Fondului Imobiliar","isPartOf":{"@id":"https:\/\/afi.conforturban-ct.ro\/#website"},"datePublished":"2021-08-29T15:35:43+00:00","dateModified":"2021-08-29T16:31:56+00:00","inLanguage":"en-US","potentialAction":[{"@type":"ReadAction","target":["http:\/\/afi.conforturban-ct.ro\/en\/informatii-utile\/"]}]},{"@type":"WebSite","@id":"https:\/\/afi.conforturban-ct.ro\/#website","url":"https:\/\/afi.conforturban-ct.ro\/","name":"Administra\u021bia Fondului Imobiliar","description":"Administra\u021bia Fondului Imobiliar","publisher":{"@id":"https:\/\/afi.conforturban-ct.ro\/#organization"},"potentialAction":[{"@type":"SearchAction","target":{"@type":"EntryPoint","urlTemplate":"https:\/\/afi.conforturban-ct.ro\/?s={search_term_string}"},"query-input":{"@type":"PropertyValueSpecification","valueRequired":true,"valueName":"search_term_string"}}],"inLanguage":"en-US"},{"@type":"Organization","@id":"https:\/\/afi.conforturban-ct.ro\/#organization","name":"Administra\u021bia Fondului Imobiliar","url":"https:\/\/afi.conforturban-ct.ro\/","logo":{"@type":"ImageObject","inLanguage":"en-US","@id":"https:\/\/afi.conforturban-ct.ro\/#\/schema\/logo\/image\/","url":"http:\/\/afi.conforturban-ct.ro\/wp-content\/uploads\/2022\/11\/Administratia-fondului-imobiliar-2.png","contentUrl":"http:\/\/afi.conforturban-ct.ro\/wp-content\/uploads\/2022\/11\/Administratia-fondului-imobiliar-2.png","width":500,"height":39,"caption":"Administra\u021bia Fondului Imobiliar"},"image":{"@id":"https:\/\/afi.conforturban-ct.ro\/#\/schema\/logo\/image\/"}}]}},"_links":{"self":[{"href":"http:\/\/afi.conforturban-ct.ro\/en\/wp-json\/wp\/v2\/pages\/40417","targetHints":{"allow":["GET"]}}],"collection":[{"href":"http:\/\/afi.conforturban-ct.ro\/en\/wp-json\/wp\/v2\/pages"}],"about":[{"href":"http:\/\/afi.conforturban-ct.ro\/en\/wp-json\/wp\/v2\/types\/page"}],"author":[{"embeddable":true,"href":"http:\/\/afi.conforturban-ct.ro\/en\/wp-json\/wp\/v2\/users\/6"}],"replies":[{"embeddable":true,"href":"http:\/\/afi.conforturban-ct.ro\/en\/wp-json\/wp\/v2\/comments?post=40417"}],"version-history":[{"count":4,"href":"http:\/\/afi.conforturban-ct.ro\/en\/wp-json\/wp\/v2\/pages\/40417\/revisions"}],"predecessor-version":[{"id":40496,"href":"http:\/\/afi.conforturban-ct.ro\/en\/wp-json\/wp\/v2\/pages\/40417\/revisions\/40496"}],"wp:attachment":[{"href":"http:\/\/afi.conforturban-ct.ro\/en\/wp-json\/wp\/v2\/media?parent=40417"}],"curies":[{"name":"wp","href":"https:\/\/api.w.org\/{rel}","templated":true}]}}