{"id":39579,"date":"2021-08-11T14:50:00","date_gmt":"2021-08-11T11:50:00","guid":{"rendered":"https:\/\/raedpp-constanta.ro\/?page_id=39579"},"modified":"2021-09-01T16:50:16","modified_gmt":"2021-09-01T13:50:16","slug":"reclamatii-si-sesizari","status":"publish","type":"page","link":"https:\/\/afi.conforturban-ct.ro\/en\/reclamatii-si-sesizari\/","title":{"rendered":"Reclamatii si sesizari"},"content":{"rendered":"<div data-elementor-type=\"wp-page\" data-elementor-id=\"39579\" class=\"elementor elementor-39579\" data-elementor-post-type=\"page\">\n\t\t\t\t\t\t<section class=\"elementor-section elementor-top-section elementor-element elementor-element-b36e886 elementor-section-boxed elementor-section-height-default elementor-section-height-default\" data-id=\"b36e886\" data-element_type=\"section\">\n\t\t\t\t\t\t<div class=\"elementor-container elementor-column-gap-default\">\n\t\t\t\t\t<div class=\"elementor-column elementor-col-50 elementor-top-column elementor-element elementor-element-0190ffd\" data-id=\"0190ffd\" data-element_type=\"column\">\n\t\t\t<div class=\"elementor-widget-wrap elementor-element-populated\">\n\t\t\t\t\t\t<div class=\"elementor-element elementor-element-6905781b elementor-widget elementor-widget-text-editor\" data-id=\"6905781b\" data-element_type=\"widget\" data-widget_type=\"text-editor.default\">\n\t\t\t\t<div class=\"elementor-widget-container\">\n\t\t\t\t\t\t\t<p>Reclama\u021biile sau sesiz\u0103rile se pot transmite pe urm\u0103toarele c\u0103i:<\/p><p>&#8211; Depunere, \u00een form\u0103 scris\u0103, la sediul din b-dul Tomis nr. 101, mun. Constan\u021ba<\/p><p>&#8211; Expediere prin intermediul po\u0219tei clasice\/curierat, la adresa: b-dul Tomis nr. 101, mun. Constan\u021ba, cod po\u0219tal 900657<\/p><p>&#8211; Expediere prin intermediul po\u0219tei electronice la adresa de e-mail:\u00a0<a href=\"mailto:public@raedpp-constanta.ro\">public@raedpp-constanta.ro<\/a><\/p><p>-Completarea formularului online de mai jos<\/p><p>Peti\u021biile anonime sau cele \u00een care nu sunt trecute datele de identificare a peti\u021bionarului nu se iau \u00een considerare \u0219i se claseaz\u0103.<\/p>\t\t\t\t\t\t<\/div>\n\t\t\t\t<\/div>\n\t\t\t\t\t<\/div>\n\t\t<\/div>\n\t\t\t\t<div class=\"elementor-column elementor-col-50 elementor-top-column elementor-element elementor-element-b9b0b81\" data-id=\"b9b0b81\" data-element_type=\"column\">\n\t\t\t<div class=\"elementor-widget-wrap elementor-element-populated\">\n\t\t\t\t\t\t<div class=\"elementor-element elementor-element-274bda9 elementor-button-align-start elementor-widget elementor-widget-form\" data-id=\"274bda9\" data-element_type=\"widget\" data-settings=\"{&quot;step_next_label&quot;:&quot;Next&quot;,&quot;step_previous_label&quot;:&quot;Previous&quot;,&quot;step_type&quot;:&quot;number_text&quot;,&quot;step_icon_shape&quot;:&quot;circle&quot;}\" data-widget_type=\"form.default\">\n\t\t\t\t<div class=\"elementor-widget-container\">\n\t\t\t\t\t<form class=\"elementor-form\" method=\"post\" name=\"New Form\" action=\"\">\n\t\t\t<input type=\"hidden\" name=\"post_id\" value=\"39579\"\/>\n\t\t\t<input type=\"hidden\" name=\"form_id\" value=\"274bda9\"\/>\n\t\t\t<input type=\"hidden\" name=\"referer_title\" value=\"Administra\u021bia Fondului Imobiliar\" \/>\n\n\t\t\t\n\t\t\t<div class=\"elementor-form-fields-wrapper elementor-labels-\">\n\t\t\t\t\t\t\t\t<div class=\"elementor-field-type-text elementor-field-group elementor-column elementor-field-group-name elementor-col-50\">\n\t\t\t\t\t\t\t\t\t\t\t\t<label for=\"form-field-name\" class=\"elementor-field-label elementor-screen-only\">\n\t\t\t\t\t\t\t\tNume si prenume\t\t\t\t\t\t\t<\/label>\n\t\t\t\t\t\t\t\t\t\t\t\t\t\t<input size=\"1\" type=\"text\" name=\"form_fields[name]\" id=\"form-field-name\" class=\"elementor-field elementor-size-sm  elementor-field-textual\" placeholder=\"Nume si prenume\">\n\t\t\t\t\t\t\t\t\t\t\t<\/div>\n\t\t\t\t\t\t\t\t<div class=\"elementor-field-type-email elementor-field-group elementor-column elementor-field-group-email elementor-col-50 elementor-field-required\">\n\t\t\t\t\t\t\t\t\t\t\t\t<label for=\"form-field-email\" class=\"elementor-field-label elementor-screen-only\">\n\t\t\t\t\t\t\t\tEmail\t\t\t\t\t\t\t<\/label>\n\t\t\t\t\t\t\t\t\t\t\t\t\t\t<input size=\"1\" type=\"email\" name=\"form_fields[email]\" id=\"form-field-email\" class=\"elementor-field elementor-size-sm  elementor-field-textual\" placeholder=\"Email\" required=\"required\" aria-required=\"true\">\n\t\t\t\t\t\t\t\t\t\t\t<\/div>\n\t\t\t\t\t\t\t\t<div class=\"elementor-field-type-tel elementor-field-group elementor-column elementor-field-group-field_cf335ec elementor-col-50\">\n\t\t\t\t\t\t\t\t\t\t\t\t<label for=\"form-field-field_cf335ec\" class=\"elementor-field-label elementor-screen-only\">\n\t\t\t\t\t\t\t\tNumar de telefon\t\t\t\t\t\t\t<\/label>\n\t\t\t\t\t\t\t\t<input size=\"1\" type=\"tel\" name=\"form_fields[field_cf335ec]\" id=\"form-field-field_cf335ec\" class=\"elementor-field elementor-size-sm  elementor-field-textual\" placeholder=\"Numar de telefon\" pattern=\"[0-9()#&amp;+*-=.]+\" title=\"Only numbers and phone characters (#, -, *, etc) are accepted.\">\n\n\t\t\t\t\t\t<\/div>\n\t\t\t\t\t\t\t\t<div class=\"elementor-field-type-text elementor-field-group elementor-column elementor-field-group-field_648b036 elementor-col-50\">\n\t\t\t\t\t\t\t\t\t\t\t\t<label for=\"form-field-field_648b036\" class=\"elementor-field-label elementor-screen-only\">\n\t\t\t\t\t\t\t\tSubiect\t\t\t\t\t\t\t<\/label>\n\t\t\t\t\t\t\t\t\t\t\t\t\t\t<input size=\"1\" type=\"text\" name=\"form_fields[field_648b036]\" id=\"form-field-field_648b036\" class=\"elementor-field elementor-size-sm  elementor-field-textual\" placeholder=\"Subiect\">\n\t\t\t\t\t\t\t\t\t\t\t<\/div>\n\t\t\t\t\t\t\t\t<div class=\"elementor-field-type-textarea elementor-field-group elementor-column elementor-field-group-message elementor-col-100\">\n\t\t\t\t\t\t\t\t\t\t\t\t<label for=\"form-field-message\" class=\"elementor-field-label elementor-screen-only\">\n\t\t\t\t\t\t\t\tMesajul tau\t\t\t\t\t\t\t<\/label>\n\t\t\t\t\t\t<textarea class=\"elementor-field-textual elementor-field  elementor-size-sm\" name=\"form_fields[message]\" id=\"form-field-message\" rows=\"4\" placeholder=\"Mesajul tau\"><\/textarea>\t\t\t\t<\/div>\n\t\t\t\t\t\t\t\t<div class=\"elementor-field-group elementor-column elementor-field-type-submit elementor-col-100 e-form__buttons\">\n\t\t\t\t\t<button class=\"elementor-button elementor-size-sm\" type=\"submit\">\n\t\t\t\t\t\t<span class=\"elementor-button-content-wrapper\">\n\t\t\t\t\t\t\t\t\t\t\t\t\t\t\t\t\t\t\t\t\t\t<span class=\"elementor-button-text\">Trimite<\/span>\n\t\t\t\t\t\t\t\t\t\t\t\t\t<\/span>\n\t\t\t\t\t<\/button>\n\t\t\t\t<\/div>\n\t\t\t<\/div>\n\t\t<input type=\"hidden\" name=\"trp-form-language\" value=\"en\"\/><\/form>\n\t\t\t\t<\/div>\n\t\t\t\t<\/div>\n\t\t\t\t\t<\/div>\n\t\t<\/div>\n\t\t\t\t\t<\/div>\n\t\t<\/section>\n\t\t\t\t<\/div>","protected":false},"excerpt":{"rendered":"<p>Reclama\u021biile sau sesiz\u0103rile se pot transmite pe urm\u0103toarele c\u0103i: &#8211; Depunere, \u00een form\u0103 scris\u0103, la sediul din b-dul Tomis nr. 101, mun. Constan\u021ba &#8211; Expediere prin intermediul po\u0219tei clasice\/curierat, la adresa: b-dul Tomis nr. 101, mun. Constan\u021ba, cod po\u0219tal 900657 &#8211; Expediere prin intermediul po\u0219tei electronice la adresa de e-mail:\u00a0public@raedpp-constanta.ro -Completarea formularului online de mai&hellip;<\/p>","protected":false},"author":6,"featured_media":0,"parent":0,"menu_order":0,"comment_status":"closed","ping_status":"closed","template":"elementor_header_footer","meta":{"footnotes":""},"class_list":["post-39579","page","type-page","status-publish","hentry"],"yoast_head":"<!-- This site is optimized with the Yoast SEO plugin v25.6 - https:\/\/yoast.com\/wordpress\/plugins\/seo\/ -->\n<title>Reclamatii si sesizari - Administra\u021bia Fondului Imobiliar<\/title>\n<meta name=\"robots\" content=\"index, follow, max-snippet:-1, max-image-preview:large, max-video-preview:-1\" \/>\n<link rel=\"canonical\" href=\"https:\/\/afi.conforturban-ct.ro\/en\/reclamatii-si-sesizari\/\" \/>\n<meta property=\"og:locale\" content=\"en_US\" \/>\n<meta property=\"og:type\" content=\"article\" \/>\n<meta property=\"og:title\" content=\"Reclamatii si sesizari - Administra\u021bia Fondului Imobiliar\" \/>\n<meta property=\"og:description\" content=\"Reclama\u021biile sau sesiz\u0103rile se pot transmite pe urm\u0103toarele c\u0103i: &#8211; Depunere, \u00een form\u0103 scris\u0103, la sediul din b-dul Tomis nr. 101, mun. Constan\u021ba &#8211; Expediere prin intermediul po\u0219tei clasice\/curierat, la adresa: b-dul Tomis nr. 101, mun. Constan\u021ba, cod po\u0219tal 900657 &#8211; Expediere prin intermediul po\u0219tei electronice la adresa de e-mail:\u00a0public@raedpp-constanta.ro -Completarea formularului online de mai&hellip;\" \/>\n<meta property=\"og:url\" content=\"https:\/\/afi.conforturban-ct.ro\/en\/reclamatii-si-sesizari\/\" \/>\n<meta property=\"og:site_name\" content=\"Administra\u021bia Fondului Imobiliar\" \/>\n<meta property=\"article:modified_time\" content=\"2021-09-01T13:50:16+00:00\" \/>\n<meta name=\"twitter:card\" content=\"summary_large_image\" \/>\n<meta name=\"twitter:label1\" content=\"Est. reading time\" \/>\n\t<meta name=\"twitter:data1\" content=\"1 minute\" \/>\n<script type=\"application\/ld+json\" class=\"yoast-schema-graph\">{\"@context\":\"https:\/\/schema.org\",\"@graph\":[{\"@type\":\"WebPage\",\"@id\":\"https:\/\/afi.conforturban-ct.ro\/en\/reclamatii-si-sesizari\/\",\"url\":\"https:\/\/afi.conforturban-ct.ro\/en\/reclamatii-si-sesizari\/\",\"name\":\"Reclamatii si sesizari - Administra\u021bia Fondului Imobiliar\",\"isPartOf\":{\"@id\":\"http:\/\/afi.conforturban-ct.ro\/#website\"},\"datePublished\":\"2021-08-11T11:50:00+00:00\",\"dateModified\":\"2021-09-01T13:50:16+00:00\",\"inLanguage\":\"en-US\",\"potentialAction\":[{\"@type\":\"ReadAction\",\"target\":[\"https:\/\/afi.conforturban-ct.ro\/en\/reclamatii-si-sesizari\/\"]}]},{\"@type\":\"WebSite\",\"@id\":\"http:\/\/afi.conforturban-ct.ro\/#website\",\"url\":\"http:\/\/afi.conforturban-ct.ro\/\",\"name\":\"Administra\u021bia Fondului Imobiliar\",\"description\":\"Administra\u021bia Fondului Imobiliar\",\"publisher\":{\"@id\":\"http:\/\/afi.conforturban-ct.ro\/#organization\"},\"potentialAction\":[{\"@type\":\"SearchAction\",\"target\":{\"@type\":\"EntryPoint\",\"urlTemplate\":\"http:\/\/afi.conforturban-ct.ro\/?s={search_term_string}\"},\"query-input\":{\"@type\":\"PropertyValueSpecification\",\"valueRequired\":true,\"valueName\":\"search_term_string\"}}],\"inLanguage\":\"en-US\"},{\"@type\":\"Organization\",\"@id\":\"http:\/\/afi.conforturban-ct.ro\/#organization\",\"name\":\"Administra\u021bia Fondului Imobiliar\",\"url\":\"http:\/\/afi.conforturban-ct.ro\/\",\"logo\":{\"@type\":\"ImageObject\",\"inLanguage\":\"en-US\",\"@id\":\"http:\/\/afi.conforturban-ct.ro\/#\/schema\/logo\/image\/\",\"url\":\"https:\/\/afi.conforturban-ct.ro\/wp-content\/uploads\/2022\/11\/Administratia-fondului-imobiliar-2.png\",\"contentUrl\":\"https:\/\/afi.conforturban-ct.ro\/wp-content\/uploads\/2022\/11\/Administratia-fondului-imobiliar-2.png\",\"width\":500,\"height\":39,\"caption\":\"Administra\u021bia Fondului Imobiliar\"},\"image\":{\"@id\":\"http:\/\/afi.conforturban-ct.ro\/#\/schema\/logo\/image\/\"}}]}<\/script>\n<!-- \/ Yoast SEO plugin. -->","yoast_head_json":{"title":"Reclamatii si sesizari - Administra\u021bia Fondului Imobiliar","robots":{"index":"index","follow":"follow","max-snippet":"max-snippet:-1","max-image-preview":"max-image-preview:large","max-video-preview":"max-video-preview:-1"},"canonical":"https:\/\/afi.conforturban-ct.ro\/en\/reclamatii-si-sesizari\/","og_locale":"en_US","og_type":"article","og_title":"Reclamatii si sesizari - Administra\u021bia Fondului Imobiliar","og_description":"Reclama\u021biile sau sesiz\u0103rile se pot transmite pe urm\u0103toarele c\u0103i: &#8211; Depunere, \u00een form\u0103 scris\u0103, la sediul din b-dul Tomis nr. 101, mun. Constan\u021ba &#8211; Expediere prin intermediul po\u0219tei clasice\/curierat, la adresa: b-dul Tomis nr. 101, mun. Constan\u021ba, cod po\u0219tal 900657 &#8211; Expediere prin intermediul po\u0219tei electronice la adresa de e-mail:\u00a0public@raedpp-constanta.ro -Completarea formularului online de mai&hellip;","og_url":"https:\/\/afi.conforturban-ct.ro\/en\/reclamatii-si-sesizari\/","og_site_name":"Administra\u021bia Fondului Imobiliar","article_modified_time":"2021-09-01T13:50:16+00:00","twitter_card":"summary_large_image","twitter_misc":{"Est. reading time":"1 minute"},"schema":{"@context":"https:\/\/schema.org","@graph":[{"@type":"WebPage","@id":"https:\/\/afi.conforturban-ct.ro\/en\/reclamatii-si-sesizari\/","url":"https:\/\/afi.conforturban-ct.ro\/en\/reclamatii-si-sesizari\/","name":"Reclamatii si sesizari - Administra\u021bia Fondului Imobiliar","isPartOf":{"@id":"http:\/\/afi.conforturban-ct.ro\/#website"},"datePublished":"2021-08-11T11:50:00+00:00","dateModified":"2021-09-01T13:50:16+00:00","inLanguage":"en-US","potentialAction":[{"@type":"ReadAction","target":["https:\/\/afi.conforturban-ct.ro\/en\/reclamatii-si-sesizari\/"]}]},{"@type":"WebSite","@id":"http:\/\/afi.conforturban-ct.ro\/#website","url":"http:\/\/afi.conforturban-ct.ro\/","name":"Administra\u021bia Fondului Imobiliar","description":"Administra\u021bia Fondului Imobiliar","publisher":{"@id":"http:\/\/afi.conforturban-ct.ro\/#organization"},"potentialAction":[{"@type":"SearchAction","target":{"@type":"EntryPoint","urlTemplate":"http:\/\/afi.conforturban-ct.ro\/?s={search_term_string}"},"query-input":{"@type":"PropertyValueSpecification","valueRequired":true,"valueName":"search_term_string"}}],"inLanguage":"en-US"},{"@type":"Organization","@id":"http:\/\/afi.conforturban-ct.ro\/#organization","name":"Administra\u021bia Fondului Imobiliar","url":"http:\/\/afi.conforturban-ct.ro\/","logo":{"@type":"ImageObject","inLanguage":"en-US","@id":"http:\/\/afi.conforturban-ct.ro\/#\/schema\/logo\/image\/","url":"https:\/\/afi.conforturban-ct.ro\/wp-content\/uploads\/2022\/11\/Administratia-fondului-imobiliar-2.png","contentUrl":"https:\/\/afi.conforturban-ct.ro\/wp-content\/uploads\/2022\/11\/Administratia-fondului-imobiliar-2.png","width":500,"height":39,"caption":"Administra\u021bia Fondului Imobiliar"},"image":{"@id":"http:\/\/afi.conforturban-ct.ro\/#\/schema\/logo\/image\/"}}]}},"_links":{"self":[{"href":"https:\/\/afi.conforturban-ct.ro\/en\/wp-json\/wp\/v2\/pages\/39579","targetHints":{"allow":["GET"]}}],"collection":[{"href":"https:\/\/afi.conforturban-ct.ro\/en\/wp-json\/wp\/v2\/pages"}],"about":[{"href":"https:\/\/afi.conforturban-ct.ro\/en\/wp-json\/wp\/v2\/types\/page"}],"author":[{"embeddable":true,"href":"https:\/\/afi.conforturban-ct.ro\/en\/wp-json\/wp\/v2\/users\/6"}],"replies":[{"embeddable":true,"href":"https:\/\/afi.conforturban-ct.ro\/en\/wp-json\/wp\/v2\/comments?post=39579"}],"version-history":[{"count":19,"href":"https:\/\/afi.conforturban-ct.ro\/en\/wp-json\/wp\/v2\/pages\/39579\/revisions"}],"predecessor-version":[{"id":40577,"href":"https:\/\/afi.conforturban-ct.ro\/en\/wp-json\/wp\/v2\/pages\/39579\/revisions\/40577"}],"wp:attachment":[{"href":"https:\/\/afi.conforturban-ct.ro\/en\/wp-json\/wp\/v2\/media?parent=39579"}],"curies":[{"name":"wp","href":"https:\/\/api.w.org\/{rel}","templated":true}]}}