{"id":40283,"date":"2021-08-28T16:26:23","date_gmt":"2021-08-28T13:26:23","guid":{"rendered":"https:\/\/raedpp-constanta.ro\/?page_id=40283"},"modified":"2024-05-10T13:52:38","modified_gmt":"2024-05-10T10:52:38","slug":"transparenta-decizionala","status":"publish","type":"page","link":"https:\/\/afi.conforturban-ct.ro\/en\/transparenta-decizionala\/","title":{"rendered":"Transparen\u021b\u0103 decizional\u0103"},"content":{"rendered":"<div data-elementor-type=\"wp-page\" data-elementor-id=\"40283\" class=\"elementor elementor-40283\" data-elementor-post-type=\"page\">\n\t\t\t\t\t\t<section class=\"elementor-section elementor-top-section elementor-element elementor-element-72ed5ca elementor-section-boxed elementor-section-height-default elementor-section-height-default\" data-id=\"72ed5ca\" data-element_type=\"section\">\n\t\t\t\t\t\t<div class=\"elementor-container elementor-column-gap-default\">\n\t\t\t\t\t<div class=\"elementor-column elementor-col-100 elementor-top-column elementor-element elementor-element-db3c90\" data-id=\"db3c90\" data-element_type=\"column\">\n\t\t\t<div class=\"elementor-widget-wrap elementor-element-populated\">\n\t\t\t\t\t\t<div class=\"elementor-element elementor-element-5fe28f8e elementor-widget elementor-widget-text-editor\" data-id=\"5fe28f8e\" data-element_type=\"widget\" data-widget_type=\"text-editor.default\">\n\t\t\t\t<div class=\"elementor-widget-container\">\n\t\t\t\t\t\t\t<p style=\"mso-margin-top-alt:auto;mso-margin-bottom-alt:auto; text-align:justify\"><span style=\"font-family:&quot;Arial&quot;,sans-serif\">3. \u00cen<br>\nconformitate cu prevederile art. 7 din Legea nr. 52\/2003 privind transparen\u021ba<br>\ndecizional\u0103 \u00een administra\u021bia public\u0103, se aduce la cuno\u0219tin\u021b\u0103 public\u0103 <a href=\"http:\/\/afi.conforturban-ct.ro\/wp-content\/uploads\/2024\/05\/PHCL-Regulament-SAD-transparenta.pdf\">proiectul<br>\nde hot\u0103r\u00e2re privind aprobarea Regulamentului de organizare \u0219i func\u021bionare al<br>\ncomisiei pentru analiza \u0219i repartizarea spa\u021biilor cu alt\u0103 destina\u021bie dec\u00e2t<br>\naceea de locuin\u021b\u0103 aflate \u00een proprietatea municipiului Constan\u021ba \u0219i \u00een<br>\nadministrarea societ\u0103\u021bii Administra\u021bia Fondului Imobiliar S.R.L., destinate<br>\n\u00eenchirierii f\u0103r\u0103 licita\u021bie public\u0103<\/a>.<\/span><\/p>\n<p style=\"mso-margin-top-alt:auto;mso-margin-bottom-alt:auto; text-align:justify\"><span style=\"font-family:&quot;Arial&quot;,sans-serif\">Proiectul de<br>\nhot\u0103r\u00e2re poate fi consultat, \u00eencep\u00e2nd cu data de 10.05.2024:<\/span><\/p>\n<p style=\"mso-margin-top-alt:auto;mso-margin-bottom-alt:auto; text-align:justify\"><span style=\"font-family:&quot;Arial&quot;,sans-serif\">&#8211;&nbsp; La<br>\nsediul societ\u0103\u021bii Administra\u021bia Fondului Imobiliar S.R.L. din mun. Constan\u021ba,<br>\nBvd. Tomis nr. 101;<\/span><\/p>\n<p style=\"mso-margin-top-alt:auto;mso-margin-bottom-alt:auto; text-align:justify\"><span style=\"font-family:&quot;Arial&quot;,sans-serif\">&#8211; Pe site-ul<br>\nsociet\u0103\u021bii Administra\u021bia Fondului Imobiliar S.R.L., la adresa: <a href=\"http:\/\/afi.conforturban-ct.ro\/en\/\">http:\/\/afi.conforturban-ct.ro\/<\/a> , sec\u021biunea \u201eDe<br>\ninteres public \u2013 Transparen\u021b\u0103 decizional\u0103\u201d.<\/span><\/p>\n<p style=\"mso-margin-top-alt:auto;mso-margin-bottom-alt:auto; text-align:justify\"><span style=\"font-family:&quot;Arial&quot;,sans-serif\">\u00cen temeiul<br>\nprevederilor art. 7, alin. (4) din Legea nr. 52\/2003 privind transparen\u021ba<br>\ndecizional\u0103 \u00een administra\u021bia public\u0103, \u00een intervalul 10.05.2024 &#8211; 21.05.2024, se<br>\npot trimite propuneri, sugestii sau opinii cu valoare de recomandare, privind<br>\nproiectul de hot\u0103r\u00e2re supus dezbaterii publice.<\/span><\/p>\n<p style=\"mso-margin-top-alt:auto;mso-margin-bottom-alt:auto; text-align:justify\"><span style=\"font-family:&quot;Arial&quot;,sans-serif\">Propunerile,<br>\nsugestiile sau opiniile pot fi transmise \u00een scris:<\/span><\/p>\n<p style=\"mso-margin-top-alt:auto;mso-margin-bottom-alt:auto; text-align:justify\"><span style=\"font-family:&quot;Arial&quot;,sans-serif\">&#8211; Prin po\u0219t\u0103,<br>\nla sediul societ\u0103\u021bii Administra\u021bia Fondului Imobiliar S.R.L. din mun.<br>\nConstan\u021ba, Bvd. Tomis nr. 101;<\/span><\/p>\n<p style=\"mso-margin-top-alt:auto;mso-margin-bottom-alt:auto; text-align:justify\"><span style=\"font-family:&quot;Arial&quot;,sans-serif\">&#8211; Prin e-mail,<br>\nla adresa <a href=\"mailto:public@raedpp-constanta.ro\">public@raedpp-constanta.ro<\/a><\/span><\/p>\n<p style=\"mso-margin-top-alt:auto;mso-margin-bottom-alt:auto; text-align:justify\"><span style=\"font-family:&quot;Arial&quot;,sans-serif\">Materialele<br>\ntransmise vor purta men\u021biunea: \u201eRecomand\u0103ri aduse la proiectul de hot\u0103r\u00e2re<br>\nprivind aprobarea Regulamentului de organizare \u0219i func\u021bionare al comisiei<br>\npentru analiza \u0219i repartizarea spa\u021biilor cu alt\u0103 destina\u021bie dec\u00e2t aceea de<br>\nlocuin\u021b\u0103 aflate \u00een proprietatea municipiului Constan\u021ba \u0219i \u00een administrarea<br>\nsociet\u0103\u021bii Administra\u021bia Fondului Imobiliar S.R.L., destinate \u00eenchirierii f\u0103r\u0103<br>\nlicita\u021bie public\u0103\u201d.<\/span><\/p>\n<p><\/p>\n<p style=\"mso-margin-top-alt:auto;mso-margin-bottom-alt:auto; text-align:justify\"><span style=\"font-family:&quot;Arial&quot;,sans-serif\">Informa\u021bii<br>\nsuplimentare pot fi ob\u021binute la num\u0103rul de telefon 0241.623.340, Serviciul<br>\nAdministrare Imobile \u0219i V\u00e2nz\u0103ri Locuin\u021be.&nbsp;<\/span><o:p><\/o:p><\/p>\n<p><span style=\"font-family: Arial;\">2. \u00cen conformitate cu prevederile art. 7 din Legea nr. 52\/2003 privind transparen\u021ba decizional\u0103 \u00een administra\u021bia public\u0103, se aduce la cuno\u0219tin\u021b\u0103 public\u0103 <a href=\"http:\/\/afi.conforturban-ct.ro\/wp-content\/uploads\/2024\/04\/PHCL-Regulament-1.pdf\">proiectul de hot\u0103r\u00e2re privind aprobarea Regulamentului de organizare \u0219i func\u021bionare al comisiei pentru analiza \u0219i repartizarea locuin\u021belor din fondul locativ de stat destinate \u00eenchirierii.<\/a><\/span><\/p>\n<p><span style=\"font-family: Arial;\">Proiectul de hot\u0103r\u00e2re poate fi consultat, \u00eencep\u00e2nd cu data de 11.04.2024:<\/span><\/p>\n<p><span style=\"font-family: Arial;\">&#8211;&nbsp;&nbsp;La sediul societ\u0103\u021bii Administra\u021bia Fondului Imobiliar S.R.L. din mun. Constan\u021ba, Bvd. Tomis nr. 101;<\/span><\/p>\n<p><span style=\"font-family: Arial;\">&#8211; Pe site-ul societ\u0103\u021bii Administra\u021bia Fondului Imobiliar S.R.L., la adresa:&nbsp;<a href=\"http:\/\/afi.conforturban-ct.ro\/en\/\" data-auth=\"NotApplicable\" data-linkindex=\"1\" data-ogsc=\"\">http:\/\/afi.conforturban-ct.ro\/<\/a>&nbsp;, sec\u021biunea \u201eDe interes public \u2013 Transparen\u021b\u0103 decizional\u0103\u201d.<\/span><\/p>\n<p><span style=\"font-family: Arial;\">\u00cen temeiul prevederilor art. 7, alin. (4) din Legea nr. 52\/2003 privind transparen\u021ba decizional\u0103 \u00een administra\u021bia public\u0103, \u00een intervalul 11.04.2024 &#8211; 21.04.2024, se pot trimite propuneri, sugestii sau opinii cu valoare de recomandare, privind proiectul de hot\u0103r\u00e2re supus dezbaterii publice.<\/span><\/p>\n<p><span style=\"font-family: Arial;\">&nbsp;Propunerile, sugestiile sau opiniile pot fi transmise \u00een scris:<\/span><\/p>\n<p><span style=\"font-family: Arial;\">&#8211; Prin po\u0219t\u0103, la sediul societ\u0103\u021bii Administra\u021bia Fondului Imobiliar S.R.L. din mun. Constan\u021ba, Bvd. Tomis nr. 101;<\/span><\/p>\n<p><span style=\"font-family: Arial;\">&#8211; Prin e-mail, la adresa&nbsp;<a href=\"mailto:public@raedpp-constanta.ro\" data-linkindex=\"2\" data-ogsc=\"\">public@raedpp-constanta.ro<\/a><\/span><\/p>\n<p><span style=\"font-family: Arial;\">Materialele transmise vor purta men\u021biunea: \u201eRecomand\u0103ri aduse la proiectul de hot\u0103r\u00e2re privind aprobarea Regulamentului de organizare \u0219i func\u021bionare al comisiei pentru analiza \u0219i repartizarea locuin\u021belor din fondul locativ de stat destinate \u00eenchirierii\u201d.<\/span><\/p>\n<p><span style=\"font-family: Arial;\">Informa\u021bii suplimentare pot fi ob\u021binute la num\u0103rul de telefon 0241.623.340, Serviciul Administrare Imobile.<\/span><\/p>\n<p><span style=\"font-family: Arial;\">(Data Public\u0103rii 11.04.2024)<\/span><\/p>\n<p><\/p>\n<ol>\n<li>\u00cen conformitate cu prevederile art. 7 din Legea nr. 52\/2003 privind transparen\u021ba decizional\u0103 \u00een administra\u021bia public\u0103, se aduce la cuno\u0219tin\u021b\u0103 public\u0103 <a href=\"http:\/\/afi.conforturban-ct.ro\/wp-content\/uploads\/2024\/01\/PHCL-privind-aprobarea-Regulamentului-de-organizare.pdf\">proiectul de hot\u0103r\u00e2re privind aprobarea Regulamentului de organizare \u0219i func\u021bionare al comisiei pentru analiza \u0219i repartizarea locuin\u021belor din fondul locativ de stat destinate \u00eenchirierii<\/a>.<\/li>\n<\/ol>\n<p>Proiectul de hot\u0103r\u00e2re poate fi consultat, \u00eencep\u00e2nd cu data de 10.01.2024:<br>&#8211; La sediul societ\u0103\u021bii Administra\u021bia Fondului Imobiliar S.R.L. din mun. Constan\u021ba, Bvd. Tomis nr. 101;<br>&#8211; Pe site-ul societ\u0103\u021bii Administra\u021bia Fondului Imobiliar S.R.L., la adresa: <a href=\"http:\/\/afi.conforturban-ct.ro\/en\/\">http:\/\/afi.conforturban-ct.ro\/<\/a> , sec\u021biunea \u201eDe interes public \u2013 Transparen\u021b\u0103 decizional\u0103\u201d.<br>\u00cen temeiul prevederilor art. 7, alin. (4) din Legea nr. 52\/2003 privind transparen\u021ba decizional\u0103 \u00een administra\u021bia public\u0103, \u00een intervalul 10.01.2024 &#8211; 22.01.2024, se pot trimite propuneri, sugestii sau opinii cu valoare de recomandare, privind proiectul de hot\u0103r\u00e2re supus dezbaterii publice.<br>Propunerile, sugestiile sau opiniile pot fi transmise \u00een scris:<br>&#8211; Prin po\u0219t\u0103, la sediul societ\u0103\u021bii Administra\u021bia Fondului Imobiliar S.R.L. din mun. Constan\u021ba, Bvd. Tomis nr. 101;<br>&#8211; Prin e-mail, la adresa <a href=\"mailto:public@raedpp-constanta.ro\">public@raedpp-constanta.ro<\/a><br>Materialele transmise vor purta men\u021biunea: \u201eRecomand\u0103ri aduse la proiectul de hot\u0103r\u00e2re privind aprobarea Regulamentului de organizare \u0219i func\u021bionare al comisiei pentru analiza \u0219i repartizarea locuin\u021belor din fondul locativ de stat destinate \u00eenchirierii\u201d.<\/p>\n<p>Informa\u021bii suplimentare pot fi ob\u021binute la num\u0103rul de telefon 0241.623.340, Serviciul Administrare Imobile.<\/p>\n<p><span style=\"font-family: Arial;\">&nbsp;(Data Public\u0103rii 10.01.2024)<\/span><\/p>\t\t\t\t\t\t<\/div>\n\t\t\t\t<\/div>\n\t\t\t\t\t<\/div>\n\t\t<\/div>\n\t\t\t\t\t<\/div>\n\t\t<\/section>\n\t\t\t\t<\/div>","protected":false},"excerpt":{"rendered":"<p>3. \u00cen conformitate cu prevederile art. 7 din Legea nr. 52\/2003 privind transparen\u021ba decizional\u0103 \u00een administra\u021bia public\u0103, se aduce la cuno\u0219tin\u021b\u0103 public\u0103 proiectul de hot\u0103r\u00e2re privind aprobarea Regulamentului de organizare \u0219i func\u021bionare al comisiei pentru analiza \u0219i repartizarea spa\u021biilor cu alt\u0103 destina\u021bie dec\u00e2t aceea de locuin\u021b\u0103 aflate \u00een proprietatea municipiului Constan\u021ba \u0219i \u00een administrarea societ\u0103\u021bii&hellip;<\/p>","protected":false},"author":6,"featured_media":0,"parent":0,"menu_order":0,"comment_status":"closed","ping_status":"closed","template":"","meta":{"footnotes":""},"class_list":["post-40283","page","type-page","status-publish","hentry"],"yoast_head":"<!-- This site is optimized with the Yoast SEO plugin v25.6 - https:\/\/yoast.com\/wordpress\/plugins\/seo\/ -->\n<title>Transparen\u021b\u0103 decizional\u0103 - Administra\u021bia Fondului Imobiliar<\/title>\n<meta name=\"robots\" content=\"index, follow, max-snippet:-1, max-image-preview:large, max-video-preview:-1\" \/>\n<link rel=\"canonical\" href=\"http:\/\/afi.conforturban-ct.ro\/en\/transparenta-decizionala\/\" \/>\n<meta property=\"og:locale\" content=\"en_US\" \/>\n<meta property=\"og:type\" content=\"article\" \/>\n<meta property=\"og:title\" content=\"Transparen\u021b\u0103 decizional\u0103 - Administra\u021bia Fondului Imobiliar\" \/>\n<meta property=\"og:description\" content=\"3. \u00cen conformitate cu prevederile art. 7 din Legea nr. 52\/2003 privind transparen\u021ba decizional\u0103 \u00een administra\u021bia public\u0103, se aduce la cuno\u0219tin\u021b\u0103 public\u0103 proiectul de hot\u0103r\u00e2re privind aprobarea Regulamentului de organizare \u0219i func\u021bionare al comisiei pentru analiza \u0219i repartizarea spa\u021biilor cu alt\u0103 destina\u021bie dec\u00e2t aceea de locuin\u021b\u0103 aflate \u00een proprietatea municipiului Constan\u021ba \u0219i \u00een administrarea societ\u0103\u021bii&hellip;\" \/>\n<meta property=\"og:url\" content=\"http:\/\/afi.conforturban-ct.ro\/en\/transparenta-decizionala\/\" \/>\n<meta property=\"og:site_name\" content=\"Administra\u021bia Fondului Imobiliar\" \/>\n<meta property=\"article:modified_time\" content=\"2024-05-10T10:52:38+00:00\" \/>\n<meta name=\"twitter:card\" content=\"summary_large_image\" \/>\n<meta name=\"twitter:label1\" content=\"Est. reading time\" \/>\n\t<meta name=\"twitter:data1\" content=\"4 minutes\" \/>\n<script type=\"application\/ld+json\" class=\"yoast-schema-graph\">{\"@context\":\"https:\/\/schema.org\",\"@graph\":[{\"@type\":\"WebPage\",\"@id\":\"http:\/\/afi.conforturban-ct.ro\/transparenta-decizionala\/\",\"url\":\"http:\/\/afi.conforturban-ct.ro\/transparenta-decizionala\/\",\"name\":\"Transparen\u021b\u0103 decizional\u0103 - Administra\u021bia Fondului Imobiliar\",\"isPartOf\":{\"@id\":\"http:\/\/afi.conforturban-ct.ro\/#website\"},\"datePublished\":\"2021-08-28T13:26:23+00:00\",\"dateModified\":\"2024-05-10T10:52:38+00:00\",\"inLanguage\":\"en-US\",\"potentialAction\":[{\"@type\":\"ReadAction\",\"target\":[\"http:\/\/afi.conforturban-ct.ro\/transparenta-decizionala\/\"]}]},{\"@type\":\"WebSite\",\"@id\":\"http:\/\/afi.conforturban-ct.ro\/#website\",\"url\":\"http:\/\/afi.conforturban-ct.ro\/\",\"name\":\"Administra\u021bia Fondului Imobiliar\",\"description\":\"Administra\u021bia Fondului Imobiliar\",\"publisher\":{\"@id\":\"http:\/\/afi.conforturban-ct.ro\/#organization\"},\"potentialAction\":[{\"@type\":\"SearchAction\",\"target\":{\"@type\":\"EntryPoint\",\"urlTemplate\":\"http:\/\/afi.conforturban-ct.ro\/?s={search_term_string}\"},\"query-input\":{\"@type\":\"PropertyValueSpecification\",\"valueRequired\":true,\"valueName\":\"search_term_string\"}}],\"inLanguage\":\"en-US\"},{\"@type\":\"Organization\",\"@id\":\"http:\/\/afi.conforturban-ct.ro\/#organization\",\"name\":\"Administra\u021bia Fondului Imobiliar\",\"url\":\"http:\/\/afi.conforturban-ct.ro\/\",\"logo\":{\"@type\":\"ImageObject\",\"inLanguage\":\"en-US\",\"@id\":\"http:\/\/afi.conforturban-ct.ro\/#\/schema\/logo\/image\/\",\"url\":\"https:\/\/afi.conforturban-ct.ro\/wp-content\/uploads\/2022\/11\/Administratia-fondului-imobiliar-2.png\",\"contentUrl\":\"https:\/\/afi.conforturban-ct.ro\/wp-content\/uploads\/2022\/11\/Administratia-fondului-imobiliar-2.png\",\"width\":500,\"height\":39,\"caption\":\"Administra\u021bia Fondului Imobiliar\"},\"image\":{\"@id\":\"http:\/\/afi.conforturban-ct.ro\/#\/schema\/logo\/image\/\"}}]}<\/script>\n<!-- \/ Yoast SEO plugin. -->","yoast_head_json":{"title":"Transparen\u021b\u0103 decizional\u0103 - Administra\u021bia Fondului Imobiliar","robots":{"index":"index","follow":"follow","max-snippet":"max-snippet:-1","max-image-preview":"max-image-preview:large","max-video-preview":"max-video-preview:-1"},"canonical":"http:\/\/afi.conforturban-ct.ro\/en\/transparenta-decizionala\/","og_locale":"en_US","og_type":"article","og_title":"Transparen\u021b\u0103 decizional\u0103 - Administra\u021bia Fondului Imobiliar","og_description":"3. \u00cen conformitate cu prevederile art. 7 din Legea nr. 52\/2003 privind transparen\u021ba decizional\u0103 \u00een administra\u021bia public\u0103, se aduce la cuno\u0219tin\u021b\u0103 public\u0103 proiectul de hot\u0103r\u00e2re privind aprobarea Regulamentului de organizare \u0219i func\u021bionare al comisiei pentru analiza \u0219i repartizarea spa\u021biilor cu alt\u0103 destina\u021bie dec\u00e2t aceea de locuin\u021b\u0103 aflate \u00een proprietatea municipiului Constan\u021ba \u0219i \u00een administrarea societ\u0103\u021bii&hellip;","og_url":"http:\/\/afi.conforturban-ct.ro\/en\/transparenta-decizionala\/","og_site_name":"Administra\u021bia Fondului Imobiliar","article_modified_time":"2024-05-10T10:52:38+00:00","twitter_card":"summary_large_image","twitter_misc":{"Est. reading time":"4 minutes"},"schema":{"@context":"https:\/\/schema.org","@graph":[{"@type":"WebPage","@id":"http:\/\/afi.conforturban-ct.ro\/transparenta-decizionala\/","url":"http:\/\/afi.conforturban-ct.ro\/transparenta-decizionala\/","name":"Transparen\u021b\u0103 decizional\u0103 - Administra\u021bia Fondului Imobiliar","isPartOf":{"@id":"http:\/\/afi.conforturban-ct.ro\/#website"},"datePublished":"2021-08-28T13:26:23+00:00","dateModified":"2024-05-10T10:52:38+00:00","inLanguage":"en-US","potentialAction":[{"@type":"ReadAction","target":["http:\/\/afi.conforturban-ct.ro\/transparenta-decizionala\/"]}]},{"@type":"WebSite","@id":"http:\/\/afi.conforturban-ct.ro\/#website","url":"http:\/\/afi.conforturban-ct.ro\/","name":"Administra\u021bia Fondului Imobiliar","description":"Administra\u021bia Fondului Imobiliar","publisher":{"@id":"http:\/\/afi.conforturban-ct.ro\/#organization"},"potentialAction":[{"@type":"SearchAction","target":{"@type":"EntryPoint","urlTemplate":"http:\/\/afi.conforturban-ct.ro\/?s={search_term_string}"},"query-input":{"@type":"PropertyValueSpecification","valueRequired":true,"valueName":"search_term_string"}}],"inLanguage":"en-US"},{"@type":"Organization","@id":"http:\/\/afi.conforturban-ct.ro\/#organization","name":"Administra\u021bia Fondului Imobiliar","url":"http:\/\/afi.conforturban-ct.ro\/","logo":{"@type":"ImageObject","inLanguage":"en-US","@id":"http:\/\/afi.conforturban-ct.ro\/#\/schema\/logo\/image\/","url":"https:\/\/afi.conforturban-ct.ro\/wp-content\/uploads\/2022\/11\/Administratia-fondului-imobiliar-2.png","contentUrl":"https:\/\/afi.conforturban-ct.ro\/wp-content\/uploads\/2022\/11\/Administratia-fondului-imobiliar-2.png","width":500,"height":39,"caption":"Administra\u021bia Fondului Imobiliar"},"image":{"@id":"http:\/\/afi.conforturban-ct.ro\/#\/schema\/logo\/image\/"}}]}},"_links":{"self":[{"href":"https:\/\/afi.conforturban-ct.ro\/en\/wp-json\/wp\/v2\/pages\/40283","targetHints":{"allow":["GET"]}}],"collection":[{"href":"https:\/\/afi.conforturban-ct.ro\/en\/wp-json\/wp\/v2\/pages"}],"about":[{"href":"https:\/\/afi.conforturban-ct.ro\/en\/wp-json\/wp\/v2\/types\/page"}],"author":[{"embeddable":true,"href":"https:\/\/afi.conforturban-ct.ro\/en\/wp-json\/wp\/v2\/users\/6"}],"replies":[{"embeddable":true,"href":"https:\/\/afi.conforturban-ct.ro\/en\/wp-json\/wp\/v2\/comments?post=40283"}],"version-history":[{"count":16,"href":"https:\/\/afi.conforturban-ct.ro\/en\/wp-json\/wp\/v2\/pages\/40283\/revisions"}],"predecessor-version":[{"id":41999,"href":"https:\/\/afi.conforturban-ct.ro\/en\/wp-json\/wp\/v2\/pages\/40283\/revisions\/41999"}],"wp:attachment":[{"href":"https:\/\/afi.conforturban-ct.ro\/en\/wp-json\/wp\/v2\/media?parent=40283"}],"curies":[{"name":"wp","href":"https:\/\/api.w.org\/{rel}","templated":true}]}}