{"id":40398,"date":"2021-08-29T18:27:54","date_gmt":"2021-08-29T15:27:54","guid":{"rendered":"https:\/\/raedpp-constanta.ro\/?page_id=40398"},"modified":"2021-10-28T11:12:43","modified_gmt":"2021-10-28T08:12:43","slug":"inchiriere-prelungire","status":"publish","type":"page","link":"https:\/\/afi.conforturban-ct.ro\/en\/inchiriere-prelungire\/","title":{"rendered":"\u00cenchiriere\/Prelungire"},"content":{"rendered":"<div data-elementor-type=\"wp-page\" data-elementor-id=\"40398\" class=\"elementor elementor-40398\" data-elementor-post-type=\"page\">\n\t\t\t\t\t\t<section class=\"elementor-section elementor-top-section elementor-element elementor-element-bbe23f7 elementor-section-boxed elementor-section-height-default elementor-section-height-default\" data-id=\"bbe23f7\" data-element_type=\"section\">\n\t\t\t\t\t\t<div class=\"elementor-container elementor-column-gap-default\">\n\t\t\t\t\t<div class=\"elementor-column elementor-col-100 elementor-top-column elementor-element elementor-element-87bd49b\" data-id=\"87bd49b\" data-element_type=\"column\">\n\t\t\t<div class=\"elementor-widget-wrap elementor-element-populated\">\n\t\t\t\t\t\t<div class=\"elementor-element elementor-element-16f2745 elementor-widget elementor-widget-text-editor\" data-id=\"16f2745\" data-element_type=\"widget\" data-widget_type=\"text-editor.default\">\n\t\t\t\t<div class=\"elementor-widget-container\">\n\t\t\t\t\t\t\t<p><strong>ACTE NECESARE IN VEDEREA PRELUNGIRII CONTRACTULUI DE\u00a0<\/strong><strong>INCHIRIERE PENTRU LOCUINTELE DE TIP ANL\u00a0:<\/strong><\/p><ol><li>Certificat fiscal eliberat de Administratia Financiara, care sa ateste faptul ca nu figurati cu imobil proprietate (pentru toti membrii majori).<\/li><li>Adeverinta de salarizare sau dupa caz, cupon de pensie (pentru toti membrii majori ).<\/li><li>Acte de stare civila pentru toti membrii familiei(fotocopii)<\/li><li>Adeverinta de la Asociatia de Locatari care sa ateste faptul ca nu figurati cu debite in evidenta acesteia<\/li><li>Declaratie notariala, din care sa reiasa faptul ca :<br \/>\u2013 nu ati dobandit o locuinta in proprietate si\/sau cu chirie, proprietate de stat, proprietatea unitatii administrativ-teritoriale sau a unitatii in care isi desfasoara activitatea, in localitatea in care detineti locuinta actuala, sau in localitatile unde a fost extinsa cuprinderea teritoriala (declara toti membrii majori);<br \/>\u2013 starea civila (casatorit\/necasatorit)<br \/>\u2013 dvs., in calitate de titular al contractului de inchiriere locuiti efectiv cu familia in spatiul si nu ati cedat dreptul de folosinta \u2013 partial sau integral \u2013 altor persoane;<br \/>\u2013 nu figurati cu venituri (in cazul in care nu faceti dovada venitului net realizat dvs si membrii majori inscrisi in contract).<\/li><\/ol><ol start=\"6\"><li>copie bon fiscal cu chiria achitata la zi<\/li><\/ol><p><strong>\u00cen vederea \u00eendeplinirii criteriilor de acces:<\/strong><\/p><ol><li>Cerere formulat\u0103 individual \u0219i \u00een nume propriu de persoanele majore, \u00een v\u00e2rst\u0103 de p\u00e2n\u0103 la 35 de ani, la data depunerii cererii;<\/li><li>Copii de pe actele de stare civil\u0103 ale solicitantului \u0219i ale membrilor familiei acestuia \u2013 certificate de na\u0219tere, c\u0103r\u021bi de identitate, certificat de c\u0103s\u0103torie, sentin\u021b\u0103\/certificat de divor\u021b sau dup\u0103 caz, copie certificat deces;<\/li><li>Declara\u021bii autentificate ale titularului cererii \u0219i dup\u0103 caz, ale so\u021biei\/so\u021bului \u0219i ale celorlal\u021bi membri majori din familia acestuia, c\u0103 nu de\u021bin \u0219i s\u0103 nu fi de\u021binut o alt\u0103 locuin\u021b\u0103 \u00een proprietate pe raza municipiului Constan\u021ba (respectiv de la data na\u0219terii pentru persoanele n\u0103scute dup\u0103 01.01.1990) \u0219i s\u0103 nu fie beneficiarul unei alte locuin\u021be cu chirie, proprietate de stat\/proprietate a unit\u0103\u021bii \u00een care \u00ee\u0219i desf\u0103\u0219oar\u0103 activitatea.<\/li><\/ol>\t\t\t\t\t\t<\/div>\n\t\t\t\t<\/div>\n\t\t\t\t\t<\/div>\n\t\t<\/div>\n\t\t\t\t\t<\/div>\n\t\t<\/section>\n\t\t\t\t<section class=\"elementor-section elementor-top-section elementor-element elementor-element-1d9e89f9 elementor-section-boxed elementor-section-height-default elementor-section-height-default\" data-id=\"1d9e89f9\" data-element_type=\"section\">\n\t\t\t\t\t\t<div class=\"elementor-container elementor-column-gap-default\">\n\t\t\t\t\t<div class=\"elementor-column elementor-col-20 elementor-top-column elementor-element elementor-element-1601cab9\" data-id=\"1601cab9\" data-element_type=\"column\" data-settings=\"{&quot;background_background&quot;:&quot;classic&quot;}\">\n\t\t\t<div class=\"elementor-widget-wrap elementor-element-populated\">\n\t\t\t\t\t\t<div class=\"elementor-element elementor-element-766f0d19 elementor-view-default elementor-position-top elementor-mobile-position-top elementor-widget elementor-widget-icon-box\" data-id=\"766f0d19\" data-element_type=\"widget\" data-widget_type=\"icon-box.default\">\n\t\t\t\t<div class=\"elementor-widget-container\">\n\t\t\t\t\t<div class=\"elementor-icon-box-wrapper\">\n\n\t\t\t\t\t\t<div class=\"elementor-icon-box-icon\">\n\t\t\t\t<span  class=\"elementor-icon elementor-animation-\">\n\t\t\t\t<i aria-hidden=\"true\" class=\"far fa-file-pdf\"><\/i>\t\t\t\t<\/span>\n\t\t\t<\/div>\n\t\t\t\n\t\t\t\t\t\t<div class=\"elementor-icon-box-content\">\n\n\t\t\t\t\t\t\t\t\t<h3 class=\"elementor-icon-box-title\">\n\t\t\t\t\t\t<span  >\n\t\t\t\t\t\t\tANL - HCL 11-2020 privind modificarea HCL 401 - 2019\t\t\t\t\t\t<\/span>\n\t\t\t\t\t<\/h3>\n\t\t\t\t\n\t\t\t\t\n\t\t\t<\/div>\n\t\t\t\n\t\t<\/div>\n\t\t\t\t<\/div>\n\t\t\t\t<\/div>\n\t\t\t\t<div class=\"elementor-element elementor-element-5c446207 elementor-align-center elementor-widget elementor-widget-button\" data-id=\"5c446207\" data-element_type=\"widget\" data-widget_type=\"button.default\">\n\t\t\t\t<div class=\"elementor-widget-container\">\n\t\t\t\t\t<div class=\"elementor-button-wrapper\">\n\t\t\t<a class=\"elementor-button elementor-button-link elementor-size-sm\" href=\"\/wp-content\/uploads\/2021\/08\/ANL-HCL-11-2020-privind-modificarea-HCL-401-2019.pdf\">\n\t\t\t\t\t\t<span class=\"elementor-button-content-wrapper\">\n\t\t\t\t\t\t\t\t\t<span class=\"elementor-button-text\">Download<\/span>\n\t\t\t\t\t<\/span>\n\t\t\t\t\t<\/a>\n\t\t<\/div>\n\t\t\t\t<\/div>\n\t\t\t\t<\/div>\n\t\t\t\t\t<\/div>\n\t\t<\/div>\n\t\t\t\t<div class=\"elementor-column elementor-col-20 elementor-top-column elementor-element elementor-element-49424160\" data-id=\"49424160\" data-element_type=\"column\" data-settings=\"{&quot;background_background&quot;:&quot;classic&quot;}\">\n\t\t\t<div class=\"elementor-widget-wrap elementor-element-populated\">\n\t\t\t\t\t\t<div class=\"elementor-element elementor-element-73b39d13 elementor-view-default elementor-position-top elementor-mobile-position-top elementor-widget elementor-widget-icon-box\" data-id=\"73b39d13\" data-element_type=\"widget\" data-widget_type=\"icon-box.default\">\n\t\t\t\t<div class=\"elementor-widget-container\">\n\t\t\t\t\t<div class=\"elementor-icon-box-wrapper\">\n\n\t\t\t\t\t\t<div class=\"elementor-icon-box-icon\">\n\t\t\t\t<span  class=\"elementor-icon elementor-animation-\">\n\t\t\t\t<i aria-hidden=\"true\" class=\"far fa-file-pdf\"><\/i>\t\t\t\t<\/span>\n\t\t\t<\/div>\n\t\t\t\n\t\t\t\t\t\t<div class=\"elementor-icon-box-content\">\n\n\t\t\t\t\t\t\t\t\t<h3 class=\"elementor-icon-box-title\">\n\t\t\t\t\t\t<span  >\n\t\t\t\t\t\t\tANL - HCL 401 - 2019 adoptarea criteriilor pt accesul la locuin\u021bele ANL destinate \u00eenchirierii, stabilirea ordinii de prioritate \u00een solu\u021bionarea cererilor\t\t\t\t\t\t<\/span>\n\t\t\t\t\t<\/h3>\n\t\t\t\t\n\t\t\t\t\n\t\t\t<\/div>\n\t\t\t\n\t\t<\/div>\n\t\t\t\t<\/div>\n\t\t\t\t<\/div>\n\t\t\t\t<div class=\"elementor-element elementor-element-2daf2e1c elementor-align-center elementor-widget elementor-widget-button\" data-id=\"2daf2e1c\" data-element_type=\"widget\" data-widget_type=\"button.default\">\n\t\t\t\t<div class=\"elementor-widget-container\">\n\t\t\t\t\t<div class=\"elementor-button-wrapper\">\n\t\t\t<a class=\"elementor-button elementor-button-link elementor-size-sm\" href=\"\/wp-content\/uploads\/2021\/08\/ANL-HCL-401-2019-adoptarea-criteriilor-pt-accesul-la-locuintele-ANL-destinate-inchirierii-stabilirea-ordinii-de-prioritate-in-solutionarea-cererilor.pdf\">\n\t\t\t\t\t\t<span class=\"elementor-button-content-wrapper\">\n\t\t\t\t\t\t\t\t\t<span class=\"elementor-button-text\">Download<\/span>\n\t\t\t\t\t<\/span>\n\t\t\t\t\t<\/a>\n\t\t<\/div>\n\t\t\t\t<\/div>\n\t\t\t\t<\/div>\n\t\t\t\t\t<\/div>\n\t\t<\/div>\n\t\t\t\t<div class=\"elementor-column elementor-col-20 elementor-top-column elementor-element elementor-element-1726bb10\" data-id=\"1726bb10\" data-element_type=\"column\" data-settings=\"{&quot;background_background&quot;:&quot;classic&quot;}\">\n\t\t\t<div class=\"elementor-widget-wrap elementor-element-populated\">\n\t\t\t\t\t\t<div class=\"elementor-element elementor-element-2764bbda elementor-view-default elementor-position-top elementor-mobile-position-top elementor-widget elementor-widget-icon-box\" data-id=\"2764bbda\" data-element_type=\"widget\" data-widget_type=\"icon-box.default\">\n\t\t\t\t<div class=\"elementor-widget-container\">\n\t\t\t\t\t<div class=\"elementor-icon-box-wrapper\">\n\n\t\t\t\t\t\t<div class=\"elementor-icon-box-icon\">\n\t\t\t\t<span  class=\"elementor-icon elementor-animation-\">\n\t\t\t\t<i aria-hidden=\"true\" class=\"far fa-file-pdf\"><\/i>\t\t\t\t<\/span>\n\t\t\t<\/div>\n\t\t\t\n\t\t\t\t\t\t<div class=\"elementor-icon-box-content\">\n\n\t\t\t\t\t\t\t\t\t<h3 class=\"elementor-icon-box-title\">\n\t\t\t\t\t\t<span  >\n\t\t\t\t\t\t\tLegea 152-1998-forma-sintetica-pentru-data-2021-08-27\t\t\t\t\t\t<\/span>\n\t\t\t\t\t<\/h3>\n\t\t\t\t\n\t\t\t\t\n\t\t\t<\/div>\n\t\t\t\n\t\t<\/div>\n\t\t\t\t<\/div>\n\t\t\t\t<\/div>\n\t\t\t\t<div class=\"elementor-element elementor-element-6d33d2bd elementor-align-center elementor-widget elementor-widget-button\" data-id=\"6d33d2bd\" data-element_type=\"widget\" data-widget_type=\"button.default\">\n\t\t\t\t<div class=\"elementor-widget-container\">\n\t\t\t\t\t<div class=\"elementor-button-wrapper\">\n\t\t\t<a class=\"elementor-button elementor-button-link elementor-size-sm\" href=\"\/wp-content\/uploads\/2021\/08\/Legea-152-1998-forma-sintetica-pentru-data-2021-08-27.pdf\">\n\t\t\t\t\t\t<span class=\"elementor-button-content-wrapper\">\n\t\t\t\t\t\t\t\t\t<span class=\"elementor-button-text\">Download<\/span>\n\t\t\t\t\t<\/span>\n\t\t\t\t\t<\/a>\n\t\t<\/div>\n\t\t\t\t<\/div>\n\t\t\t\t<\/div>\n\t\t\t\t\t<\/div>\n\t\t<\/div>\n\t\t\t\t<div class=\"elementor-column elementor-col-20 elementor-top-column elementor-element elementor-element-6e186336\" data-id=\"6e186336\" data-element_type=\"column\" data-settings=\"{&quot;background_background&quot;:&quot;classic&quot;}\">\n\t\t\t<div class=\"elementor-widget-wrap elementor-element-populated\">\n\t\t\t\t\t\t<div class=\"elementor-element elementor-element-7a7c3005 elementor-view-default elementor-position-top elementor-mobile-position-top elementor-widget elementor-widget-icon-box\" data-id=\"7a7c3005\" data-element_type=\"widget\" data-widget_type=\"icon-box.default\">\n\t\t\t\t<div class=\"elementor-widget-container\">\n\t\t\t\t\t<div class=\"elementor-icon-box-wrapper\">\n\n\t\t\t\t\t\t<div class=\"elementor-icon-box-icon\">\n\t\t\t\t<span  class=\"elementor-icon elementor-animation-\">\n\t\t\t\t<i aria-hidden=\"true\" class=\"far fa-file-pdf\"><\/i>\t\t\t\t<\/span>\n\t\t\t<\/div>\n\t\t\t\n\t\t\t\t\t\t<div class=\"elementor-icon-box-content\">\n\n\t\t\t\t\t\t\t\t\t<h3 class=\"elementor-icon-box-title\">\n\t\t\t\t\t\t<span  >\n\t\t\t\t\t\t\tNorme metodologice Legea 152 - ANL\t\t\t\t\t\t<\/span>\n\t\t\t\t\t<\/h3>\n\t\t\t\t\n\t\t\t\t\n\t\t\t<\/div>\n\t\t\t\n\t\t<\/div>\n\t\t\t\t<\/div>\n\t\t\t\t<\/div>\n\t\t\t\t<div class=\"elementor-element elementor-element-3da8e47b elementor-align-center elementor-widget elementor-widget-button\" data-id=\"3da8e47b\" data-element_type=\"widget\" data-widget_type=\"button.default\">\n\t\t\t\t<div class=\"elementor-widget-container\">\n\t\t\t\t\t<div class=\"elementor-button-wrapper\">\n\t\t\t<a class=\"elementor-button elementor-button-link elementor-size-sm\" href=\"\/wp-content\/uploads\/2021\/08\/Norme-metodologice-Legea-152-ANL.pdf\">\n\t\t\t\t\t\t<span class=\"elementor-button-content-wrapper\">\n\t\t\t\t\t\t\t\t\t<span class=\"elementor-button-text\">Download<\/span>\n\t\t\t\t\t<\/span>\n\t\t\t\t\t<\/a>\n\t\t<\/div>\n\t\t\t\t<\/div>\n\t\t\t\t<\/div>\n\t\t\t\t\t<\/div>\n\t\t<\/div>\n\t\t\t\t<div class=\"elementor-column elementor-col-20 elementor-top-column elementor-element elementor-element-ee36232\" data-id=\"ee36232\" data-element_type=\"column\" data-settings=\"{&quot;background_background&quot;:&quot;classic&quot;}\">\n\t\t\t<div class=\"elementor-widget-wrap elementor-element-populated\">\n\t\t\t\t\t\t<div class=\"elementor-element elementor-element-a042cfd elementor-view-default elementor-position-top elementor-mobile-position-top elementor-widget elementor-widget-icon-box\" data-id=\"a042cfd\" data-element_type=\"widget\" data-widget_type=\"icon-box.default\">\n\t\t\t\t<div class=\"elementor-widget-container\">\n\t\t\t\t\t<div class=\"elementor-icon-box-wrapper\">\n\n\t\t\t\t\t\t<div class=\"elementor-icon-box-icon\">\n\t\t\t\t<span  class=\"elementor-icon elementor-animation-\">\n\t\t\t\t<i aria-hidden=\"true\" class=\"far fa-file-pdf\"><\/i>\t\t\t\t<\/span>\n\t\t\t<\/div>\n\t\t\t\n\t\t\t\t\t\t<div class=\"elementor-icon-box-content\">\n\n\t\t\t\t\t\t\t\t\t<h3 class=\"elementor-icon-box-title\">\n\t\t\t\t\t\t<span  >\n\t\t\t\t\t\t\thcl 165 din 30.05.2016 privind aprobarea unor m\u0103suri legate de administrarea locuin\u021belor pentru tineri construite \u00een regim ANL\t\t\t\t\t\t<\/span>\n\t\t\t\t\t<\/h3>\n\t\t\t\t\n\t\t\t\t\n\t\t\t<\/div>\n\t\t\t\n\t\t<\/div>\n\t\t\t\t<\/div>\n\t\t\t\t<\/div>\n\t\t\t\t<div class=\"elementor-element elementor-element-5473d63 elementor-align-center elementor-widget elementor-widget-button\" data-id=\"5473d63\" data-element_type=\"widget\" data-widget_type=\"button.default\">\n\t\t\t\t<div class=\"elementor-widget-container\">\n\t\t\t\t\t<div class=\"elementor-button-wrapper\">\n\t\t\t<a class=\"elementor-button elementor-button-link elementor-size-sm\" href=\"\/wp-content\/uploads\/2021\/10\/hcl-165-din-30.05.2016-privind-aprobarea-unor-masuri-legate-de-administrarea-locuintelor-pentru-tineri-construite-in-regim-ANL.pdf\">\n\t\t\t\t\t\t<span class=\"elementor-button-content-wrapper\">\n\t\t\t\t\t\t\t\t\t<span class=\"elementor-button-text\">Download<\/span>\n\t\t\t\t\t<\/span>\n\t\t\t\t\t<\/a>\n\t\t<\/div>\n\t\t\t\t<\/div>\n\t\t\t\t<\/div>\n\t\t\t\t\t<\/div>\n\t\t<\/div>\n\t\t\t\t\t<\/div>\n\t\t<\/section>\n\t\t\t\t<\/div>","protected":false},"excerpt":{"rendered":"<p>ACTE NECESARE IN VEDEREA PRELUNGIRII CONTRACTULUI DE\u00a0INCHIRIERE PENTRU LOCUINTELE DE TIP ANL\u00a0: Certificat fiscal eliberat de Administratia Financiara, care sa ateste faptul ca nu figurati cu imobil proprietate (pentru toti membrii majori). Adeverinta de salarizare sau dupa caz, cupon de pensie (pentru toti membrii majori ). Acte de stare civila pentru toti membrii familiei(fotocopii) Adeverinta&hellip;<\/p>","protected":false},"author":6,"featured_media":0,"parent":0,"menu_order":0,"comment_status":"closed","ping_status":"closed","template":"","meta":{"footnotes":""},"class_list":["post-40398","page","type-page","status-publish","hentry"],"yoast_head":"<!-- This site is optimized with the Yoast SEO plugin v25.6 - https:\/\/yoast.com\/wordpress\/plugins\/seo\/ -->\n<title>\u00cenchiriere\/Prelungire - Administra\u021bia Fondului Imobiliar<\/title>\n<meta name=\"robots\" content=\"index, follow, max-snippet:-1, max-image-preview:large, max-video-preview:-1\" \/>\n<link rel=\"canonical\" href=\"http:\/\/afi.conforturban-ct.ro\/en\/inchiriere-prelungire\/\" \/>\n<meta property=\"og:locale\" content=\"en_US\" \/>\n<meta property=\"og:type\" content=\"article\" \/>\n<meta property=\"og:title\" content=\"\u00cenchiriere\/Prelungire - Administra\u021bia Fondului Imobiliar\" \/>\n<meta property=\"og:description\" content=\"ACTE NECESARE IN VEDEREA PRELUNGIRII CONTRACTULUI DE\u00a0INCHIRIERE PENTRU LOCUINTELE DE TIP ANL\u00a0: Certificat fiscal eliberat de Administratia Financiara, care sa ateste faptul ca nu figurati cu imobil proprietate (pentru toti membrii majori). Adeverinta de salarizare sau dupa caz, cupon de pensie (pentru toti membrii majori ). Acte de stare civila pentru toti membrii familiei(fotocopii) Adeverinta&hellip;\" \/>\n<meta property=\"og:url\" content=\"http:\/\/afi.conforturban-ct.ro\/en\/inchiriere-prelungire\/\" \/>\n<meta property=\"og:site_name\" content=\"Administra\u021bia Fondului Imobiliar\" \/>\n<meta property=\"article:modified_time\" content=\"2021-10-28T08:12:43+00:00\" \/>\n<meta name=\"twitter:card\" content=\"summary_large_image\" \/>\n<meta name=\"twitter:label1\" content=\"Est. reading time\" \/>\n\t<meta name=\"twitter:data1\" content=\"2 minutes\" \/>\n<script type=\"application\/ld+json\" class=\"yoast-schema-graph\">{\"@context\":\"https:\/\/schema.org\",\"@graph\":[{\"@type\":\"WebPage\",\"@id\":\"http:\/\/afi.conforturban-ct.ro\/inchiriere-prelungire\/\",\"url\":\"http:\/\/afi.conforturban-ct.ro\/inchiriere-prelungire\/\",\"name\":\"\u00cenchiriere\/Prelungire - Administra\u021bia Fondului Imobiliar\",\"isPartOf\":{\"@id\":\"https:\/\/afi.conforturban-ct.ro\/en\/#website\"},\"datePublished\":\"2021-08-29T15:27:54+00:00\",\"dateModified\":\"2021-10-28T08:12:43+00:00\",\"inLanguage\":\"en-US\",\"potentialAction\":[{\"@type\":\"ReadAction\",\"target\":[\"http:\/\/afi.conforturban-ct.ro\/inchiriere-prelungire\/\"]}]},{\"@type\":\"WebSite\",\"@id\":\"https:\/\/afi.conforturban-ct.ro\/en\/#website\",\"url\":\"https:\/\/afi.conforturban-ct.ro\/en\/\",\"name\":\"Administra\u021bia Fondului Imobiliar\",\"description\":\"Administra\u021bia Fondului Imobiliar\",\"publisher\":{\"@id\":\"https:\/\/afi.conforturban-ct.ro\/en\/#organization\"},\"potentialAction\":[{\"@type\":\"SearchAction\",\"target\":{\"@type\":\"EntryPoint\",\"urlTemplate\":\"https:\/\/afi.conforturban-ct.ro\/en\/?s={search_term_string}\"},\"query-input\":{\"@type\":\"PropertyValueSpecification\",\"valueRequired\":true,\"valueName\":\"search_term_string\"}}],\"inLanguage\":\"en-US\"},{\"@type\":\"Organization\",\"@id\":\"https:\/\/afi.conforturban-ct.ro\/en\/#organization\",\"name\":\"Administra\u021bia Fondului Imobiliar\",\"url\":\"https:\/\/afi.conforturban-ct.ro\/en\/\",\"logo\":{\"@type\":\"ImageObject\",\"inLanguage\":\"en-US\",\"@id\":\"https:\/\/afi.conforturban-ct.ro\/en\/#\/schema\/logo\/image\/\",\"url\":\"https:\/\/afi.conforturban-ct.ro\/wp-content\/uploads\/2022\/11\/Administratia-fondului-imobiliar-2.png\",\"contentUrl\":\"https:\/\/afi.conforturban-ct.ro\/wp-content\/uploads\/2022\/11\/Administratia-fondului-imobiliar-2.png\",\"width\":500,\"height\":39,\"caption\":\"Administra\u021bia Fondului Imobiliar\"},\"image\":{\"@id\":\"https:\/\/afi.conforturban-ct.ro\/en\/#\/schema\/logo\/image\/\"}}]}<\/script>\n<!-- \/ Yoast SEO plugin. -->","yoast_head_json":{"title":"\u00cenchiriere\/Prelungire - Administra\u021bia Fondului Imobiliar","robots":{"index":"index","follow":"follow","max-snippet":"max-snippet:-1","max-image-preview":"max-image-preview:large","max-video-preview":"max-video-preview:-1"},"canonical":"http:\/\/afi.conforturban-ct.ro\/en\/inchiriere-prelungire\/","og_locale":"en_US","og_type":"article","og_title":"\u00cenchiriere\/Prelungire - Administra\u021bia Fondului Imobiliar","og_description":"ACTE NECESARE IN VEDEREA PRELUNGIRII CONTRACTULUI DE\u00a0INCHIRIERE PENTRU LOCUINTELE DE TIP ANL\u00a0: Certificat fiscal eliberat de Administratia Financiara, care sa ateste faptul ca nu figurati cu imobil proprietate (pentru toti membrii majori). Adeverinta de salarizare sau dupa caz, cupon de pensie (pentru toti membrii majori ). Acte de stare civila pentru toti membrii familiei(fotocopii) Adeverinta&hellip;","og_url":"http:\/\/afi.conforturban-ct.ro\/en\/inchiriere-prelungire\/","og_site_name":"Administra\u021bia Fondului Imobiliar","article_modified_time":"2021-10-28T08:12:43+00:00","twitter_card":"summary_large_image","twitter_misc":{"Est. reading time":"2 minutes"},"schema":{"@context":"https:\/\/schema.org","@graph":[{"@type":"WebPage","@id":"http:\/\/afi.conforturban-ct.ro\/inchiriere-prelungire\/","url":"http:\/\/afi.conforturban-ct.ro\/inchiriere-prelungire\/","name":"\u00cenchiriere\/Prelungire - Administra\u021bia Fondului Imobiliar","isPartOf":{"@id":"https:\/\/afi.conforturban-ct.ro\/en\/#website"},"datePublished":"2021-08-29T15:27:54+00:00","dateModified":"2021-10-28T08:12:43+00:00","inLanguage":"en-US","potentialAction":[{"@type":"ReadAction","target":["http:\/\/afi.conforturban-ct.ro\/inchiriere-prelungire\/"]}]},{"@type":"WebSite","@id":"https:\/\/afi.conforturban-ct.ro\/en\/#website","url":"https:\/\/afi.conforturban-ct.ro\/en\/","name":"Administra\u021bia Fondului Imobiliar","description":"Administra\u021bia Fondului Imobiliar","publisher":{"@id":"https:\/\/afi.conforturban-ct.ro\/en\/#organization"},"potentialAction":[{"@type":"SearchAction","target":{"@type":"EntryPoint","urlTemplate":"https:\/\/afi.conforturban-ct.ro\/en\/?s={search_term_string}"},"query-input":{"@type":"PropertyValueSpecification","valueRequired":true,"valueName":"search_term_string"}}],"inLanguage":"en-US"},{"@type":"Organization","@id":"https:\/\/afi.conforturban-ct.ro\/en\/#organization","name":"Administra\u021bia Fondului Imobiliar","url":"https:\/\/afi.conforturban-ct.ro\/en\/","logo":{"@type":"ImageObject","inLanguage":"en-US","@id":"https:\/\/afi.conforturban-ct.ro\/en\/#\/schema\/logo\/image\/","url":"https:\/\/afi.conforturban-ct.ro\/wp-content\/uploads\/2022\/11\/Administratia-fondului-imobiliar-2.png","contentUrl":"https:\/\/afi.conforturban-ct.ro\/wp-content\/uploads\/2022\/11\/Administratia-fondului-imobiliar-2.png","width":500,"height":39,"caption":"Administra\u021bia Fondului Imobiliar"},"image":{"@id":"https:\/\/afi.conforturban-ct.ro\/en\/#\/schema\/logo\/image\/"}}]}},"_links":{"self":[{"href":"https:\/\/afi.conforturban-ct.ro\/en\/wp-json\/wp\/v2\/pages\/40398","targetHints":{"allow":["GET"]}}],"collection":[{"href":"https:\/\/afi.conforturban-ct.ro\/en\/wp-json\/wp\/v2\/pages"}],"about":[{"href":"https:\/\/afi.conforturban-ct.ro\/en\/wp-json\/wp\/v2\/types\/page"}],"author":[{"embeddable":true,"href":"https:\/\/afi.conforturban-ct.ro\/en\/wp-json\/wp\/v2\/users\/6"}],"replies":[{"embeddable":true,"href":"https:\/\/afi.conforturban-ct.ro\/en\/wp-json\/wp\/v2\/comments?post=40398"}],"version-history":[{"count":13,"href":"https:\/\/afi.conforturban-ct.ro\/en\/wp-json\/wp\/v2\/pages\/40398\/revisions"}],"predecessor-version":[{"id":41021,"href":"https:\/\/afi.conforturban-ct.ro\/en\/wp-json\/wp\/v2\/pages\/40398\/revisions\/41021"}],"wp:attachment":[{"href":"https:\/\/afi.conforturban-ct.ro\/en\/wp-json\/wp\/v2\/media?parent=40398"}],"curies":[{"name":"wp","href":"https:\/\/api.w.org\/{rel}","templated":true}]}}