{"id":5,"date":"2021-07-13T09:37:46","date_gmt":"2021-07-13T09:37:46","guid":{"rendered":"https:\/\/raedpp-constanta.ro\/?page_id=3"},"modified":"2021-07-19T22:23:49","modified_gmt":"2021-07-19T19:23:49","slug":"politica-de-confidentialitate","status":"publish","type":"page","link":"https:\/\/afi.conforturban-ct.ro\/en\/politica-de-confidentialitate\/","title":{"rendered":"Politic\u0103 de confiden\u021bialitate"},"content":{"rendered":"<div data-elementor-type=\"wp-page\" data-elementor-id=\"5\" class=\"elementor elementor-5\" data-elementor-post-type=\"page\">\n\t\t\t\t\t\t<section class=\"elementor-section elementor-top-section elementor-element elementor-element-6302a09 elementor-section-boxed elementor-section-height-default elementor-section-height-default\" data-id=\"6302a09\" data-element_type=\"section\">\n\t\t\t\t\t\t<div class=\"elementor-container elementor-column-gap-default\">\n\t\t\t\t\t<div class=\"elementor-column elementor-col-100 elementor-top-column elementor-element elementor-element-0be9c19\" data-id=\"0be9c19\" data-element_type=\"column\">\n\t\t\t<div class=\"elementor-widget-wrap elementor-element-populated\">\n\t\t\t\t\t\t<div class=\"elementor-element elementor-element-1e9f70e elementor-widget elementor-widget-text-editor\" data-id=\"1e9f70e\" data-element_type=\"widget\" data-widget_type=\"text-editor.default\">\n\t\t\t\t<div class=\"elementor-widget-container\">\n\t\t\t\t\t\t\t<p>Prezenta politic\u0103 de confiden\u021bialitate a fost elaborat\u0103 \u00een conformitate cu Regulamentul (U.E.) 679\/2016\u00a0 al Parlamentului European \u0219i al Consiliului Uniunii Europene din 27 aprilie 2016 privind protec\u021bia persoanelor fizice \u00een ceea ce prive\u0219te prelucrarea datelor cu caracter personal \u0219i privind libera circula\u021bie a acestor date.<\/p><p><strong>Descarca:\u00a0<\/strong><\/p>\t\t\t\t\t\t<\/div>\n\t\t\t\t<\/div>\n\t\t\t\t\t<\/div>\n\t\t<\/div>\n\t\t\t\t\t<\/div>\n\t\t<\/section>\n\t\t\t\t<section class=\"elementor-section elementor-top-section elementor-element elementor-element-405206ca elementor-section-boxed elementor-section-height-default elementor-section-height-default\" data-id=\"405206ca\" data-element_type=\"section\">\n\t\t\t\t\t\t<div class=\"elementor-container elementor-column-gap-default\">\n\t\t\t\t\t<div class=\"elementor-column elementor-col-33 elementor-top-column elementor-element elementor-element-162ed3c7\" data-id=\"162ed3c7\" data-element_type=\"column\" data-settings=\"{&quot;background_background&quot;:&quot;classic&quot;}\">\n\t\t\t<div class=\"elementor-widget-wrap\">\n\t\t\t\t\t\t\t<\/div>\n\t\t<\/div>\n\t\t\t\t<div class=\"elementor-column elementor-col-33 elementor-top-column elementor-element elementor-element-43f077f8\" data-id=\"43f077f8\" data-element_type=\"column\" data-settings=\"{&quot;background_background&quot;:&quot;classic&quot;}\">\n\t\t\t<div class=\"elementor-widget-wrap elementor-element-populated\">\n\t\t\t\t\t\t<div class=\"elementor-element elementor-element-2ecb02af elementor-view-default elementor-position-top elementor-mobile-position-top elementor-widget elementor-widget-icon-box\" data-id=\"2ecb02af\" data-element_type=\"widget\" data-widget_type=\"icon-box.default\">\n\t\t\t\t<div class=\"elementor-widget-container\">\n\t\t\t\t\t<div class=\"elementor-icon-box-wrapper\">\n\n\t\t\t\t\t\t<div class=\"elementor-icon-box-icon\">\n\t\t\t\t<span  class=\"elementor-icon elementor-animation-\">\n\t\t\t\t<i aria-hidden=\"true\" class=\"far fa-file-pdf\"><\/i>\t\t\t\t<\/span>\n\t\t\t<\/div>\n\t\t\t\n\t\t\t\t\t\t<div class=\"elementor-icon-box-content\">\n\n\t\t\t\t\t\t\t\t\t<h3 class=\"elementor-icon-box-title\">\n\t\t\t\t\t\t<span  >\n\t\t\t\t\t\t\tPOLITICA DE CONFIDEN\u0162IALITATE PRIVIND PROTEC\u021aIA DATELOR CU CARACTER PERSONAL\t\t\t\t\t\t<\/span>\n\t\t\t\t\t<\/h3>\n\t\t\t\t\n\t\t\t\t\n\t\t\t<\/div>\n\t\t\t\n\t\t<\/div>\n\t\t\t\t<\/div>\n\t\t\t\t<\/div>\n\t\t\t\t<div class=\"elementor-element elementor-element-3eead8c4 elementor-align-center elementor-widget elementor-widget-button\" data-id=\"3eead8c4\" data-element_type=\"widget\" data-widget_type=\"button.default\">\n\t\t\t\t<div class=\"elementor-widget-container\">\n\t\t\t\t\t<div class=\"elementor-button-wrapper\">\n\t\t\t<a class=\"elementor-button elementor-button-link elementor-size-sm\" href=\"\/wp-content\/uploads\/2021\/07\/POLITICA-DE-CONFIDENTIALITATE-PRIVIND-PROTECTIA-DATELOR-CU-CARACTER-PERSONAL-1.pdf\">\n\t\t\t\t\t\t<span class=\"elementor-button-content-wrapper\">\n\t\t\t\t\t\t\t\t\t<span class=\"elementor-button-text\">Download<\/span>\n\t\t\t\t\t<\/span>\n\t\t\t\t\t<\/a>\n\t\t<\/div>\n\t\t\t\t<\/div>\n\t\t\t\t<\/div>\n\t\t\t\t\t<\/div>\n\t\t<\/div>\n\t\t\t\t<div class=\"elementor-column elementor-col-33 elementor-top-column elementor-element elementor-element-931bbc2\" data-id=\"931bbc2\" data-element_type=\"column\" data-settings=\"{&quot;background_background&quot;:&quot;classic&quot;}\">\n\t\t\t<div class=\"elementor-widget-wrap\">\n\t\t\t\t\t\t\t<\/div>\n\t\t<\/div>\n\t\t\t\t\t<\/div>\n\t\t<\/section>\n\t\t\t\t<section class=\"elementor-section elementor-top-section elementor-element elementor-element-fd32eef elementor-section-boxed elementor-section-height-default elementor-section-height-default\" data-id=\"fd32eef\" data-element_type=\"section\">\n\t\t\t\t\t\t<div class=\"elementor-container elementor-column-gap-default\">\n\t\t\t\t\t<div class=\"elementor-column elementor-col-100 elementor-top-column elementor-element elementor-element-a0b2632\" data-id=\"a0b2632\" data-element_type=\"column\">\n\t\t\t<div class=\"elementor-widget-wrap elementor-element-populated\">\n\t\t\t\t\t\t<div class=\"elementor-element elementor-element-3973e6c elementor-widget elementor-widget-text-editor\" data-id=\"3973e6c\" data-element_type=\"widget\" data-widget_type=\"text-editor.default\">\n\t\t\t\t<div class=\"elementor-widget-container\">\n\t\t\t\t\t\t\t<p><strong>Cine suntem<\/strong><\/p><p>Prezentul website este proprietatea\u00a0\u00a0<em><strong>Regiei Autonome Exploatarea Domeniului Public \u0219i Privat Constan\u021ba<\/strong><\/em>, cod unic de identificare\u00a0<em><strong>RO2746784<\/strong><\/em>, BD. TOMIS, NR. 101,\u00a0 e-mail\u00a0<a href=\"mailto:public@raedpp-constanta.ro\">public@raedpp-constanta.ro<\/a><\/p><p>Responsabilul cu Protec\u021bia Datelor:\u00a0<strong>SC GMB COMPUTERS SRL<\/strong>, email:\u00a0<strong>dpo.raedpp@gmail.com<\/strong>.<\/p><p><strong>Ce informa\u021bii colect\u0103m<\/strong><\/p><p>Nu colect\u0103m informa\u021bii nominale despre dumneavoastr\u0103. Scopul prezentului website este strict de prezentare a activit\u0103\u021bilor desf\u0103\u0219urate de c\u0103tre noi, iar \u00eenregistrarea \u00een cadrul site-ului este dezactivat\u0103.<\/p><p><strong>Cum protej\u0103m informa\u021biile dumneavoastr\u0103<\/strong><\/p><p>V\u0103 oferim spre utilizare un website securizat dezvoltat \u00een tehnologii de ultim\u0103 genera\u021bie. Accesul la panoul de administrare al website-ului \u0219i\/sau la panoul de administrare al pachetului de g\u0103zduire se face doar de c\u0103tre persoanele autorizate cu drepturi speciale de acces \u0219i sunt obligate s\u0103 p\u0103streze confiden\u021bialitatea datelor.<\/p><p><strong>Confiden\u021bialitatea informa\u021biilor<\/strong><\/p><p>Nu dezv\u0103luim informa\u021bii despre activitatea din cadrul site-ului nici unei ter\u021be persoane \/ entit\u0103\u021bi, cu excep\u021bia institu\u021biilor Statului Rom\u00e2n sau Comisiei Europene autorizate s\u0103 auditeze activitatea noastr\u0103.<\/p><p><strong>Consim\u021b\u0103m\u00e2ntul dumneavoastr\u0103<\/strong><\/p><p>Utiliz\u00e2nd site-ul nostru, sunte\u021bi de acord cu politica noastr\u0103 de confiden\u021bialitate.<\/p><p><strong>Utilizare cookie-uri<\/strong><\/p><p>Colect\u0103m informa\u021bii nenominale de tip cookie-uri pentru a \u00eembun\u0103t\u0103\u021bi experien\u021ba dumneavoastr\u0103 \u00een cadrul site-ului nostru.<\/p><p>Informa\u021biile nenominale colectate sunt:<\/p><ul><li>Browser-ul web<\/li><li>Sistemul de operare<\/li><li>Rezolu\u021bia dispozitivului<\/li><li>Limba browser-ului \/ sistemului de operare<\/li><li>Date \u0219i ora fiec\u0103rei ac\u021biuni<\/li><li>Adresa URL de referin\u021b\u0103<\/li><li>Cuvinte cheie de referin\u021b\u0103<\/li><li>Motoare de c\u0103utare de referin\u021b\u0103<\/li><li>Pagina de intrare, pagina de ie\u0219ire, pagini accesate<\/li><li>Timpul petrecut pe fiecare pagin\u0103<\/li><li>Erori generate \u00een site<\/li><li>C\u0103ut\u0103ri \u00een cadrul site-ului web<\/li><\/ul><p><strong>Informare suplimentar\u0103<\/strong><\/p><p>Pentru orice alte informa\u021bii suplimentare v\u0103 rug\u0103m s\u0103 ne scrie\u021bi la adresa de e-mail\u00a0<a href=\"mailto:public@raedpp-constanta.ro\">public@raedpp-constanta.ro<\/a>\u00a0\u0219i vom r\u0103spunde solicit\u0103rii dumneavoastr\u0103 \u00een maxim 48 de ore. R\u0103spunsul la solicitarea dumneavoastr\u0103 va fi efectuat de persoana desemnat\u0103 \u0219i instruit\u0103 pentru implementarea regulamentului privind protec\u021biei datelor caracter personal.<\/p><p><strong>Reclama\u021bii \u0219i sesiz\u0103ri<\/strong><\/p><p>\u00cen Rom\u00e2nia institu\u021bia guvernamental\u0103 responsabil\u0103 reglementarea protec\u021biei datelor caracter personal se nume\u0219te Autoritatea Na\u021bional\u0103 de Supraveghere a Prelucr\u0103rii Datelor cu Caracter Personal, website\u00a0<a href=\"http:\/\/www.dataprotection.ro\/\">www.dataprotection.ro<\/a>, email\u00a0<a href=\"mailto:anspdcp@dataprotection.ro\">anspdcp@dataprotection.ro<\/a><\/p>\t\t\t\t\t\t<\/div>\n\t\t\t\t<\/div>\n\t\t\t\t\t<\/div>\n\t\t<\/div>\n\t\t\t\t\t<\/div>\n\t\t<\/section>\n\t\t\t\t<\/div>","protected":false},"excerpt":{"rendered":"<p>Prezenta politic\u0103 de confiden\u021bialitate a fost elaborat\u0103 \u00een conformitate cu Regulamentul (U.E.) 679\/2016\u00a0 al Parlamentului European \u0219i al Consiliului Uniunii Europene din 27 aprilie 2016 privind protec\u021bia persoanelor fizice \u00een ceea ce prive\u0219te prelucrarea datelor cu caracter personal \u0219i privind libera circula\u021bie a acestor date. Descarca:\u00a0 POLITICA DE CONFIDEN\u0162IALITATE PRIVIND PROTEC\u021aIA DATELOR CU CARACTER PERSONAL&hellip;<\/p>","protected":false},"author":6,"featured_media":0,"parent":0,"menu_order":0,"comment_status":"closed","ping_status":"closed","template":"elementor_header_footer","meta":{"footnotes":""},"class_list":["post-5","page","type-page","status-publish","hentry"],"yoast_head":"<!-- This site is optimized with the Yoast SEO plugin v25.6 - https:\/\/yoast.com\/wordpress\/plugins\/seo\/ -->\n<title>Politic\u0103 de confiden\u021bialitate - Administra\u021bia Fondului Imobiliar<\/title>\n<meta name=\"robots\" content=\"index, follow, max-snippet:-1, max-image-preview:large, max-video-preview:-1\" \/>\n<link rel=\"canonical\" href=\"https:\/\/afi.conforturban-ct.ro\/en\/politica-de-confidentialitate\/\" \/>\n<meta property=\"og:locale\" content=\"en_US\" \/>\n<meta property=\"og:type\" content=\"article\" \/>\n<meta property=\"og:title\" content=\"Politic\u0103 de confiden\u021bialitate - Administra\u021bia Fondului Imobiliar\" \/>\n<meta property=\"og:description\" content=\"Prezenta politic\u0103 de confiden\u021bialitate a fost elaborat\u0103 \u00een conformitate cu Regulamentul (U.E.) 679\/2016\u00a0 al Parlamentului European \u0219i al Consiliului Uniunii Europene din 27 aprilie 2016 privind protec\u021bia persoanelor fizice \u00een ceea ce prive\u0219te prelucrarea datelor cu caracter personal \u0219i privind libera circula\u021bie a acestor date. Descarca:\u00a0 POLITICA DE CONFIDEN\u0162IALITATE PRIVIND PROTEC\u021aIA DATELOR CU CARACTER PERSONAL&hellip;\" \/>\n<meta property=\"og:url\" content=\"https:\/\/afi.conforturban-ct.ro\/en\/politica-de-confidentialitate\/\" \/>\n<meta property=\"og:site_name\" content=\"Administra\u021bia Fondului Imobiliar\" \/>\n<meta property=\"article:modified_time\" content=\"2021-07-19T19:23:49+00:00\" \/>\n<meta name=\"twitter:card\" content=\"summary_large_image\" \/>\n<meta name=\"twitter:label1\" content=\"Est. reading time\" \/>\n\t<meta name=\"twitter:data1\" content=\"2 minutes\" \/>\n<script type=\"application\/ld+json\" class=\"yoast-schema-graph\">{\"@context\":\"https:\/\/schema.org\",\"@graph\":[{\"@type\":\"WebPage\",\"@id\":\"https:\/\/afi.conforturban-ct.ro\/en\/politica-de-confidentialitate\/\",\"url\":\"https:\/\/afi.conforturban-ct.ro\/en\/politica-de-confidentialitate\/\",\"name\":\"Politic\u0103 de confiden\u021bialitate - Administra\u021bia Fondului Imobiliar\",\"isPartOf\":{\"@id\":\"http:\/\/afi.conforturban-ct.ro\/#website\"},\"datePublished\":\"2021-07-13T09:37:46+00:00\",\"dateModified\":\"2021-07-19T19:23:49+00:00\",\"inLanguage\":\"en-US\",\"potentialAction\":[{\"@type\":\"ReadAction\",\"target\":[\"https:\/\/afi.conforturban-ct.ro\/en\/politica-de-confidentialitate\/\"]}]},{\"@type\":\"WebSite\",\"@id\":\"http:\/\/afi.conforturban-ct.ro\/#website\",\"url\":\"http:\/\/afi.conforturban-ct.ro\/\",\"name\":\"Administra\u021bia Fondului Imobiliar\",\"description\":\"Administra\u021bia Fondului Imobiliar\",\"publisher\":{\"@id\":\"http:\/\/afi.conforturban-ct.ro\/#organization\"},\"potentialAction\":[{\"@type\":\"SearchAction\",\"target\":{\"@type\":\"EntryPoint\",\"urlTemplate\":\"http:\/\/afi.conforturban-ct.ro\/?s={search_term_string}\"},\"query-input\":{\"@type\":\"PropertyValueSpecification\",\"valueRequired\":true,\"valueName\":\"search_term_string\"}}],\"inLanguage\":\"en-US\"},{\"@type\":\"Organization\",\"@id\":\"http:\/\/afi.conforturban-ct.ro\/#organization\",\"name\":\"Administra\u021bia Fondului Imobiliar\",\"url\":\"http:\/\/afi.conforturban-ct.ro\/\",\"logo\":{\"@type\":\"ImageObject\",\"inLanguage\":\"en-US\",\"@id\":\"http:\/\/afi.conforturban-ct.ro\/#\/schema\/logo\/image\/\",\"url\":\"https:\/\/afi.conforturban-ct.ro\/wp-content\/uploads\/2022\/11\/Administratia-fondului-imobiliar-2.png\",\"contentUrl\":\"https:\/\/afi.conforturban-ct.ro\/wp-content\/uploads\/2022\/11\/Administratia-fondului-imobiliar-2.png\",\"width\":500,\"height\":39,\"caption\":\"Administra\u021bia Fondului Imobiliar\"},\"image\":{\"@id\":\"http:\/\/afi.conforturban-ct.ro\/#\/schema\/logo\/image\/\"}}]}<\/script>\n<!-- \/ Yoast SEO plugin. -->","yoast_head_json":{"title":"Politic\u0103 de confiden\u021bialitate - Administra\u021bia Fondului Imobiliar","robots":{"index":"index","follow":"follow","max-snippet":"max-snippet:-1","max-image-preview":"max-image-preview:large","max-video-preview":"max-video-preview:-1"},"canonical":"https:\/\/afi.conforturban-ct.ro\/en\/politica-de-confidentialitate\/","og_locale":"en_US","og_type":"article","og_title":"Politic\u0103 de confiden\u021bialitate - Administra\u021bia Fondului Imobiliar","og_description":"Prezenta politic\u0103 de confiden\u021bialitate a fost elaborat\u0103 \u00een conformitate cu Regulamentul (U.E.) 679\/2016\u00a0 al Parlamentului European \u0219i al Consiliului Uniunii Europene din 27 aprilie 2016 privind protec\u021bia persoanelor fizice \u00een ceea ce prive\u0219te prelucrarea datelor cu caracter personal \u0219i privind libera circula\u021bie a acestor date. Descarca:\u00a0 POLITICA DE CONFIDEN\u0162IALITATE PRIVIND PROTEC\u021aIA DATELOR CU CARACTER PERSONAL&hellip;","og_url":"https:\/\/afi.conforturban-ct.ro\/en\/politica-de-confidentialitate\/","og_site_name":"Administra\u021bia Fondului Imobiliar","article_modified_time":"2021-07-19T19:23:49+00:00","twitter_card":"summary_large_image","twitter_misc":{"Est. reading time":"2 minutes"},"schema":{"@context":"https:\/\/schema.org","@graph":[{"@type":"WebPage","@id":"https:\/\/afi.conforturban-ct.ro\/en\/politica-de-confidentialitate\/","url":"https:\/\/afi.conforturban-ct.ro\/en\/politica-de-confidentialitate\/","name":"Politic\u0103 de confiden\u021bialitate - Administra\u021bia Fondului Imobiliar","isPartOf":{"@id":"http:\/\/afi.conforturban-ct.ro\/#website"},"datePublished":"2021-07-13T09:37:46+00:00","dateModified":"2021-07-19T19:23:49+00:00","inLanguage":"en-US","potentialAction":[{"@type":"ReadAction","target":["https:\/\/afi.conforturban-ct.ro\/en\/politica-de-confidentialitate\/"]}]},{"@type":"WebSite","@id":"http:\/\/afi.conforturban-ct.ro\/#website","url":"http:\/\/afi.conforturban-ct.ro\/","name":"Administra\u021bia Fondului Imobiliar","description":"Administra\u021bia Fondului Imobiliar","publisher":{"@id":"http:\/\/afi.conforturban-ct.ro\/#organization"},"potentialAction":[{"@type":"SearchAction","target":{"@type":"EntryPoint","urlTemplate":"http:\/\/afi.conforturban-ct.ro\/?s={search_term_string}"},"query-input":{"@type":"PropertyValueSpecification","valueRequired":true,"valueName":"search_term_string"}}],"inLanguage":"en-US"},{"@type":"Organization","@id":"http:\/\/afi.conforturban-ct.ro\/#organization","name":"Administra\u021bia Fondului Imobiliar","url":"http:\/\/afi.conforturban-ct.ro\/","logo":{"@type":"ImageObject","inLanguage":"en-US","@id":"http:\/\/afi.conforturban-ct.ro\/#\/schema\/logo\/image\/","url":"https:\/\/afi.conforturban-ct.ro\/wp-content\/uploads\/2022\/11\/Administratia-fondului-imobiliar-2.png","contentUrl":"https:\/\/afi.conforturban-ct.ro\/wp-content\/uploads\/2022\/11\/Administratia-fondului-imobiliar-2.png","width":500,"height":39,"caption":"Administra\u021bia Fondului Imobiliar"},"image":{"@id":"http:\/\/afi.conforturban-ct.ro\/#\/schema\/logo\/image\/"}}]}},"_links":{"self":[{"href":"https:\/\/afi.conforturban-ct.ro\/en\/wp-json\/wp\/v2\/pages\/5","targetHints":{"allow":["GET"]}}],"collection":[{"href":"https:\/\/afi.conforturban-ct.ro\/en\/wp-json\/wp\/v2\/pages"}],"about":[{"href":"https:\/\/afi.conforturban-ct.ro\/en\/wp-json\/wp\/v2\/types\/page"}],"author":[{"embeddable":true,"href":"https:\/\/afi.conforturban-ct.ro\/en\/wp-json\/wp\/v2\/users\/6"}],"replies":[{"embeddable":true,"href":"https:\/\/afi.conforturban-ct.ro\/en\/wp-json\/wp\/v2\/comments?post=5"}],"version-history":[{"count":4,"href":"https:\/\/afi.conforturban-ct.ro\/en\/wp-json\/wp\/v2\/pages\/5\/revisions"}],"predecessor-version":[{"id":38886,"href":"https:\/\/afi.conforturban-ct.ro\/en\/wp-json\/wp\/v2\/pages\/5\/revisions\/38886"}],"wp:attachment":[{"href":"https:\/\/afi.conforturban-ct.ro\/en\/wp-json\/wp\/v2\/media?parent=5"}],"curies":[{"name":"wp","href":"https:\/\/api.w.org\/{rel}","templated":true}]}}